{"id":2434,"date":"2011-11-01T08:00:17","date_gmt":"2011-11-01T08:00:17","guid":{"rendered":"http:\/\/dev.pongrac.hu\/?post_type=product&#038;p=2434"},"modified":"2025-02-21T17:15:24","modified_gmt":"2025-02-21T16:15:24","slug":"csokas-nyar","status":"publish","type":"product","link":"https:\/\/pongrac.hu\/?product=csokas-nyar","title":{"rendered":"Cs\u00f3k\u00e1s ny\u00e1r"},"content":{"rendered":"<p>Pedig ez is csak \u00fagy indult, mint b\u00e1rmelyik \u00e9szak-angliai ny\u00e1r. Az id\u0151 csodasz\u00e9p. A tizenn\u00e9gy \u00e9ves Liam sz\u00e1m\u00e1ra most kezd\u0151dik a sz\u00fcnet. De azon a napon, amikor bar\u00e1tj\u00e1val, Maxszel k\u00f6vetni kezd egy hangosan csattog\u00f3 cs\u00f3k\u00e1t, a fi\u00fa \u00e9lete visszaford\u00edthatatlanul megv\u00e1ltozik\u2026<br \/>\nEgy elhagyatott \u00e9p\u00fclet el\u0151tt egy gondosan takar\u00f3ba bugyol\u00e1lt kisbaba fekszik. Az anyja elhagyta\u2026<br \/>\n\u00c9s ezzel kezdet\u00e9t veszi a cs\u00f3k\u00e1s ny\u00e1r.<br \/>\nA ny\u00e1r, amikor a bar\u00e1ts\u00e1gok megm\u00e9rettetnek.<br \/>\nA ny\u00e1r, amikor a j\u00f3 \u00e9s a rossz k\u00f6z\u00f6tti hat\u00e1r elmos\u00f3dni l\u00e1tszik.<br \/>\nA ny\u00e1r, amelyet Liam sosem fog elfelejteni!<\/p>\n","protected":false},"excerpt":{"rendered":"<p>Meglep\u0151en fajs\u00falyos \u00e9s gy\u00f6ny\u00f6r\u0171 k\u00f6nyv megt\u00e9veszt\u0151en egyszer\u0171, k\u00f6lt\u0151i pr\u00f3z\u00e1ban\u2026 Eszm\u00e9k \u00e9s sz\u00e9ps\u00e9ges szavak kombin\u00e1ci\u00f3ja \u2013 ezek a k\u00e9rd\u00e9sek; sokr\u00e9t\u0171 v\u00e1laszok \u2013 ezek jelentik a gyermekkort. David Almond valamennyi\u00fcnkh\u00f6z sz\u00f3l. \u2013 The Bookbag<\/p>\n","protected":false},"featured_media":2348,"comment_status":"closed","ping_status":"closed","template":"","meta":[],"product_brand":[],"product_cat":[466],"product_tag":[336,294,335,286,315,300,288,285,337,338,305,301,312],"class_list":{"0":"post-2434","1":"product","2":"type-product","3":"status-publish","4":"has-post-thumbnail","6":"authors-david-almond","7":"publisher-pongrac-kiado","8":"product_cat-uncategorized","9":"product_tag-anglia","10":"product_tag-baratsag","11":"product_tag-csoka","12":"product_tag-felelem","13":"product_tag-iras","14":"product_tag-kamaszkor","15":"product_tag-kepzelet","16":"product_tag-krimi","17":"product_tag-muveszet","18":"product_tag-nyar","19":"product_tag-onmagad","20":"product_tag-pszichokaland","21":"product_tag-szerelem","23":"first","24":"outofstock","25":"shipping-taxable","26":"purchasable","27":"product-type-simple"},"_links":{"self":[{"href":"https:\/\/pongrac.hu\/index.php?rest_route=\/wp\/v2\/product\/2434","targetHints":{"allow":["GET"]}}],"collection":[{"href":"https:\/\/pongrac.hu\/index.php?rest_route=\/wp\/v2\/product"}],"about":[{"href":"https:\/\/pongrac.hu\/index.php?rest_route=\/wp\/v2\/types\/product"}],"replies":[{"embeddable":true,"href":"https:\/\/pongrac.hu\/index.php?rest_route=%2Fwp%2Fv2%2Fcomments&post=2434"}],"wp:featuredmedia":[{"embeddable":true,"href":"https:\/\/pongrac.hu\/index.php?rest_route=\/wp\/v2\/media\/2348"}],"wp:attachment":[{"href":"https:\/\/pongrac.hu\/index.php?rest_route=%2Fwp%2Fv2%2Fmedia&parent=2434"}],"wp:term":[{"taxonomy":"product_brand","embeddable":true,"href":"https:\/\/pongrac.hu\/index.php?rest_route=%2Fwp%2Fv2%2Fproduct_brand&post=2434"},{"taxonomy":"product_cat","embeddable":true,"href":"https:\/\/pongrac.hu\/index.php?rest_route=%2Fwp%2Fv2%2Fproduct_cat&post=2434"},{"taxonomy":"product_tag","embeddable":true,"href":"https:\/\/pongrac.hu\/index.php?rest_route=%2Fwp%2Fv2%2Fproduct_tag&post=2434"}],"curies":[{"name":"wp","href":"https:\/\/api.w.org\/{rel}","templated":true}]}}