{"id":2433,"date":"2013-08-01T08:00:37","date_gmt":"2013-08-01T08:00:37","guid":{"rendered":"http:\/\/dev.pongrac.hu\/?post_type=product&#038;p=2433"},"modified":"2025-02-21T17:13:43","modified_gmt":"2025-02-21T16:13:43","slug":"csika-mano-otthonra-lel","status":"publish","type":"product","link":"https:\/\/pongrac.hu\/?product=csika-mano-otthonra-lel","title":{"rendered":"Csika man\u00f3 otthonra lel"},"content":{"rendered":"<p>\u201eVolt egyszer egy man\u00f3. Csika man\u00f3nak h\u00edvt\u00e1k. [\u2026] Csika man\u00f3nak nem volt hol laknia. Szeg\u00e9ny sokat is szomorkodott emiatt. R\u00e9gebben volt egy nagyon sz\u00e9p skatulyah\u00e1za, de egy tavaszi napon irt\u00f3ztat\u00f3 sz\u00e9l kerekedett, \u00e9s messzire f\u00fajta a skatulyah\u00e1zat. Pedig milyen sz\u00e9p volt! Meleg \u00e9s otthonos \u2013 mind\u00f6ssze a k\u00e9t sark\u00e1b\u00f3l kukucsk\u00e1lt kifel\u00e9 egy-egy picinyke szakad\u00e1s. \u00c9ppen csak akkora, hogy Csika man\u00f3 pont k\u00e9nyelmesen ki-be s\u00e9t\u00e1lgathatott a lyukakon. A man\u00f3 eg\u00e9sz ny\u00e1ron a szabad \u00e9g alatt aludt, am\u00fagy leg\u00e9nyesen, \u00e1m amikor meg\u00e9rkezett az \u0151sz, bizony f\u00e1zni kezdett. [\u2026] Ekkor gondolt el\u0151sz\u00f6r arra, hogy \u00faj lakhely ut\u00e1n kellene n\u00e9zni.\u201d<\/p>\n","protected":false},"excerpt":{"rendered":"<p>F\u0151h\u0151s\u00fcnk t\u00fcnd\u00e9rekkel, koboldokkal \u00e9s m\u00e1s man\u00f3kkal keveredik kalamajk\u00e1ba, am\u00edg v\u00e9g\u00fcl r\u00e1tal\u00e1l az igazi otthonra. Hogy hol? Megtudj\u00e1tok, ha vele egy\u00fctt \u00e1t\u00e9litek a mesebeli kalandokat!<\/p>\n","protected":false},"featured_media":2347,"comment_status":"closed","ping_status":"closed","template":"","meta":[],"product_brand":[],"product_cat":[466],"product_tag":[294,271],"class_list":{"0":"post-2433","1":"product","2":"type-product","3":"status-publish","4":"has-post-thumbnail","6":"authors-kadlicsko-bea","7":"authors-l-molnar-edit","8":"publisher-pongrac-kiado","9":"product_cat-uncategorized","10":"product_tag-baratsag","11":"product_tag-kaland","13":"first","14":"outofstock","15":"shipping-taxable","16":"purchasable","17":"product-type-simple"},"_links":{"self":[{"href":"https:\/\/pongrac.hu\/index.php?rest_route=\/wp\/v2\/product\/2433","targetHints":{"allow":["GET"]}}],"collection":[{"href":"https:\/\/pongrac.hu\/index.php?rest_route=\/wp\/v2\/product"}],"about":[{"href":"https:\/\/pongrac.hu\/index.php?rest_route=\/wp\/v2\/types\/product"}],"replies":[{"embeddable":true,"href":"https:\/\/pongrac.hu\/index.php?rest_route=%2Fwp%2Fv2%2Fcomments&post=2433"}],"wp:featuredmedia":[{"embeddable":true,"href":"https:\/\/pongrac.hu\/index.php?rest_route=\/wp\/v2\/media\/2347"}],"wp:attachment":[{"href":"https:\/\/pongrac.hu\/index.php?rest_route=%2Fwp%2Fv2%2Fmedia&parent=2433"}],"wp:term":[{"taxonomy":"product_brand","embeddable":true,"href":"https:\/\/pongrac.hu\/index.php?rest_route=%2Fwp%2Fv2%2Fproduct_brand&post=2433"},{"taxonomy":"product_cat","embeddable":true,"href":"https:\/\/pongrac.hu\/index.php?rest_route=%2Fwp%2Fv2%2Fproduct_cat&post=2433"},{"taxonomy":"product_tag","embeddable":true,"href":"https:\/\/pongrac.hu\/index.php?rest_route=%2Fwp%2Fv2%2Fproduct_tag&post=2433"}],"curies":[{"name":"wp","href":"https:\/\/api.w.org\/{rel}","templated":true}]}}