{"id":2432,"date":"2015-01-27T08:00:16","date_gmt":"2015-01-27T08:00:16","guid":{"rendered":"http:\/\/dev.pongrac.hu\/?post_type=product&#038;p=2432"},"modified":"2025-02-21T17:11:02","modified_gmt":"2025-02-21T16:11:02","slug":"circus-mortalis-tuzvesz","status":"publish","type":"product","link":"https:\/\/pongrac.hu\/?product=circus-mortalis-tuzvesz","title":{"rendered":"Circus Mortalis \u2013 T\u0171zv\u00e9sz"},"content":{"rendered":"<p>Mint minden cirkuszban, a Circus Mortalisban is a legv\u00e1logatottabb figur\u00e1k dolgoznak, \u00e9s mindannyiuknak megvan a saj\u00e1t t\u00f6rt\u00e9nete. De mi t\u00f6rt\u00e9nik, ha ezek a t\u00f6rt\u00e9netek v\u00e9gzetesen keresztezik egym\u00e1st, \u00e9s az esem\u00e9nyek meg\u00e1ll\u00edthatatlan fordulatot vesznek? Szerelem, csal\u00f3d\u00e1s, trag\u00e9dia\u2026 \u00c1m az el\u0151ad\u00e1s nem maradhat el.<\/p>\n","protected":false},"excerpt":{"rendered":"<p>A Circus Mortalis k\u00fcl\u00f6nleges t\u00f6rt\u00e9net\u00e9hez Kadosa Kiss J\u00f3zsef \u00e1lmodott fantasztikus illusztr\u00e1ci\u00f3kat.<\/p>\n","protected":false},"featured_media":2346,"comment_status":"closed","ping_status":"closed","template":"","meta":[],"product_brand":[],"product_cat":[466],"product_tag":[294,333,331,312,332],"class_list":{"0":"post-2432","1":"product","2":"type-product","3":"status-publish","4":"has-post-thumbnail","6":"authors-kadosa-kiss-jozsef","7":"authors-l-molnar-edit","8":"publisher-pongrac-kiado","9":"product_cat-uncategorized","10":"product_tag-baratsag","11":"product_tag-cirkusz","12":"product_tag-csalodas","13":"product_tag-szerelem","14":"product_tag-tragedia","16":"first","17":"outofstock","18":"shipping-taxable","19":"purchasable","20":"product-type-simple"},"_links":{"self":[{"href":"https:\/\/pongrac.hu\/index.php?rest_route=\/wp\/v2\/product\/2432","targetHints":{"allow":["GET"]}}],"collection":[{"href":"https:\/\/pongrac.hu\/index.php?rest_route=\/wp\/v2\/product"}],"about":[{"href":"https:\/\/pongrac.hu\/index.php?rest_route=\/wp\/v2\/types\/product"}],"replies":[{"embeddable":true,"href":"https:\/\/pongrac.hu\/index.php?rest_route=%2Fwp%2Fv2%2Fcomments&post=2432"}],"wp:featuredmedia":[{"embeddable":true,"href":"https:\/\/pongrac.hu\/index.php?rest_route=\/wp\/v2\/media\/2346"}],"wp:attachment":[{"href":"https:\/\/pongrac.hu\/index.php?rest_route=%2Fwp%2Fv2%2Fmedia&parent=2432"}],"wp:term":[{"taxonomy":"product_brand","embeddable":true,"href":"https:\/\/pongrac.hu\/index.php?rest_route=%2Fwp%2Fv2%2Fproduct_brand&post=2432"},{"taxonomy":"product_cat","embeddable":true,"href":"https:\/\/pongrac.hu\/index.php?rest_route=%2Fwp%2Fv2%2Fproduct_cat&post=2432"},{"taxonomy":"product_tag","embeddable":true,"href":"https:\/\/pongrac.hu\/index.php?rest_route=%2Fwp%2Fv2%2Fproduct_tag&post=2432"}],"curies":[{"name":"wp","href":"https:\/\/api.w.org\/{rel}","templated":true}]}}