{"id":2429,"date":"2012-06-01T08:00:13","date_gmt":"2012-06-01T08:00:13","guid":{"rendered":"http:\/\/dev.pongrac.hu\/?post_type=product&#038;p=2429"},"modified":"2021-01-21T13:58:10","modified_gmt":"2021-01-21T12:58:10","slug":"century-ii-a-kocsillag","status":"publish","type":"product","link":"https:\/\/pongrac.hu\/?product=century-ii-a-kocsillag","title":{"rendered":"Century II. \u2013 A k\u0151csillag"},"content":{"rendered":"<p>Az emberis\u00e9gre sz\u00e1z\u00e9venk\u00e9nt pr\u00f3bat\u00e9tel v\u00e1r. Minden sz\u00e1zadik \u00e9vben n\u00e9gy gyermek a kulcsfigura a sorsd\u00f6nt\u0151 j\u00e1tszm\u00e1ban. Megint eltelt sz\u00e1z \u00e9v. A n\u00e9gy kiv\u00e1lasztott tal\u00e1lkozik\u2026Ez a n\u00e9gyk\u00f6tetes <em>Century<\/em> t\u00f6rt\u00e9net\u00e9nek m\u00e1sodik k\u00f6nyve.<\/p>\n","protected":false},"excerpt":{"rendered":"<p>M\u00e1rcius 16. New York a fagy fogs\u00e1g\u00e1ban verg\u0151dik. A n\u00e9gy kiv\u00e1lasztott \u00fajra egy\u00fctt. Ez\u00fattal a K\u0151csillagra kell r\u00e1bukkanniuk. De kev\u00e9s az id\u0151, \u00e9s nincs vissza\u00fat\u2026<\/p>\n","protected":false},"featured_media":2343,"comment_status":"closed","ping_status":"closed","template":"","meta":[],"product_brand":[],"product_cat":[466],"product_tag":[294,271,300,285,328,303,297],"class_list":{"0":"post-2429","1":"product","2":"type-product","3":"status-publish","4":"has-post-thumbnail","6":"authors-pierdomenico-baccalario","7":"publisher-pongrac-kiado","8":"product_cat-uncategorized","9":"product_tag-baratsag","10":"product_tag-kaland","11":"product_tag-kamaszkor","12":"product_tag-krimi","13":"product_tag-new-york","14":"product_tag-nyomozas","15":"product_tag-utazas","17":"first","18":"instock","19":"shipping-taxable","20":"purchasable","21":"product-type-simple"},"_links":{"self":[{"href":"https:\/\/pongrac.hu\/index.php?rest_route=\/wp\/v2\/product\/2429","targetHints":{"allow":["GET"]}}],"collection":[{"href":"https:\/\/pongrac.hu\/index.php?rest_route=\/wp\/v2\/product"}],"about":[{"href":"https:\/\/pongrac.hu\/index.php?rest_route=\/wp\/v2\/types\/product"}],"replies":[{"embeddable":true,"href":"https:\/\/pongrac.hu\/index.php?rest_route=%2Fwp%2Fv2%2Fcomments&post=2429"}],"wp:featuredmedia":[{"embeddable":true,"href":"https:\/\/pongrac.hu\/index.php?rest_route=\/wp\/v2\/media\/2343"}],"wp:attachment":[{"href":"https:\/\/pongrac.hu\/index.php?rest_route=%2Fwp%2Fv2%2Fmedia&parent=2429"}],"wp:term":[{"taxonomy":"product_brand","embeddable":true,"href":"https:\/\/pongrac.hu\/index.php?rest_route=%2Fwp%2Fv2%2Fproduct_brand&post=2429"},{"taxonomy":"product_cat","embeddable":true,"href":"https:\/\/pongrac.hu\/index.php?rest_route=%2Fwp%2Fv2%2Fproduct_cat&post=2429"},{"taxonomy":"product_tag","embeddable":true,"href":"https:\/\/pongrac.hu\/index.php?rest_route=%2Fwp%2Fv2%2Fproduct_tag&post=2429"}],"curies":[{"name":"wp","href":"https:\/\/api.w.org\/{rel}","templated":true}]}}