{"id":2427,"date":"2010-02-01T08:00:44","date_gmt":"2010-02-01T08:00:44","guid":{"rendered":"http:\/\/dev.pongrac.hu\/?post_type=product&#038;p=2427"},"modified":"2021-01-21T14:37:15","modified_gmt":"2021-01-21T13:37:15","slug":"boszorkanyver","status":"publish","type":"product","link":"https:\/\/pongrac.hu\/?product=boszorkanyver","title":{"rendered":"Boszork\u00e1nyv\u00e9r"},"content":{"rendered":"<p>Robin tizenegy \u00e9ves, \u00e9s egyed\u00fcli gyerek, b\u00e1r mindig is szeretett volna egy testv\u00e9rt. Hatalmas meglepet\u00e9s \u00e9ri, amikor Szent Iv\u00e1n \u00e9jszak\u00e1j\u00e1n felt\u0171nik egy furcsa, feh\u00e9r haj\u00fa l\u00e1ny, akir\u0151l mindenki azt hiszi, hogy Robin h\u00faga, de Robin pontosan tudja, hogy nem az. \u00c1m az \u00fajdons\u00fclt testv\u00e9r m\u00e1snap reggel elt\u0171nik. Robin nyomozni kezd, \u00e9s \u00e9vsz\u00e1zados titkok nyom\u00e1ra jut. \u00c1m a titkokat nem adj\u00e1k k\u00f6nnyen, ez\u00e9rt Robinnak seg\u00edts\u00e9get kell k\u00e9rnie a bar\u00e1tj\u00e1t\u00f3l, Luukt\u0151l. Vajon er\u0151sebb-e a v\u00e9r az \u0151si \u00e1tokn\u00e1l? Le tudj\u00e1k-e gy\u0151zni az \u00e9vsz\u00e1zadok \u00f3ta fesz\u00fcl\u0151 ellent\u00e9teket?<\/p>\n","protected":false},"excerpt":{"rendered":"<p>Gondosan meg\u00edrt t\u00f6rt\u00e9net, tele szellemekkel, boszork\u00e1nyokkal, fekete m\u00e1gi\u00e1val, m\u00e9gis modern \u00e9s mai. Olyan k\u00f6nyv ez, amely letehetetlen a tizen\u00e9veseknek, tanuls\u00e1gos a huszon\u00e9veseknek, \u00e9s sz\u00f3rakoztat\u00f3 minden koroszt\u00e1lynak.<\/p>\n","protected":false},"featured_media":2341,"comment_status":"closed","ping_status":"closed","template":"","meta":[],"product_brand":[],"product_cat":[466],"product_tag":[302,300,288,285,284,303,305,318,312],"class_list":{"0":"post-2427","1":"product","2":"type-product","3":"status-publish","4":"has-post-thumbnail","6":"authors-christien-boomsma","7":"publisher-pongrac-kiado","8":"product_cat-uncategorized","9":"product_tag-barat","10":"product_tag-kamaszkor","11":"product_tag-kepzelet","12":"product_tag-krimi","13":"product_tag-magia","14":"product_tag-nyomozas","15":"product_tag-onmagad","16":"product_tag-suli","17":"product_tag-szerelem","19":"first","20":"outofstock","21":"shipping-taxable","22":"purchasable","23":"product-type-simple"},"_links":{"self":[{"href":"https:\/\/pongrac.hu\/index.php?rest_route=\/wp\/v2\/product\/2427","targetHints":{"allow":["GET"]}}],"collection":[{"href":"https:\/\/pongrac.hu\/index.php?rest_route=\/wp\/v2\/product"}],"about":[{"href":"https:\/\/pongrac.hu\/index.php?rest_route=\/wp\/v2\/types\/product"}],"replies":[{"embeddable":true,"href":"https:\/\/pongrac.hu\/index.php?rest_route=%2Fwp%2Fv2%2Fcomments&post=2427"}],"wp:featuredmedia":[{"embeddable":true,"href":"https:\/\/pongrac.hu\/index.php?rest_route=\/wp\/v2\/media\/2341"}],"wp:attachment":[{"href":"https:\/\/pongrac.hu\/index.php?rest_route=%2Fwp%2Fv2%2Fmedia&parent=2427"}],"wp:term":[{"taxonomy":"product_brand","embeddable":true,"href":"https:\/\/pongrac.hu\/index.php?rest_route=%2Fwp%2Fv2%2Fproduct_brand&post=2427"},{"taxonomy":"product_cat","embeddable":true,"href":"https:\/\/pongrac.hu\/index.php?rest_route=%2Fwp%2Fv2%2Fproduct_cat&post=2427"},{"taxonomy":"product_tag","embeddable":true,"href":"https:\/\/pongrac.hu\/index.php?rest_route=%2Fwp%2Fv2%2Fproduct_tag&post=2427"}],"curies":[{"name":"wp","href":"https:\/\/api.w.org\/{rel}","templated":true}]}}