{"id":2426,"date":"2014-04-01T08:00:15","date_gmt":"2014-04-01T08:00:15","guid":{"rendered":"http:\/\/dev.pongrac.hu\/?post_type=product&#038;p=2426"},"modified":"2021-01-21T12:08:03","modified_gmt":"2021-01-21T11:08:03","slug":"becky-apple-es-az-ujjaszuletok","status":"publish","type":"product","link":"https:\/\/pongrac.hu\/?product=becky-apple-es-az-ujjaszuletok","title":{"rendered":"Becky Apple \u00e9s az \u00fajj\u00e1sz\u00fclet\u0151k"},"content":{"rendered":"<p>Az \u00e9szak-angliai Greenstone-ban \u00e9l\u0151 Becky Apple mag\u00e1nyos l\u00e1ny, aki roppantul unja a semmittev\u00e9st \u00e9s a kisv\u00e1rosi h\u00e9tk\u00f6znapokat. M\u00e9g csak tizenhat \u00e9ves, de saj\u00e1t h\u00e1zban lakik \u2013 egyed\u00fcl, mert j\u00f3m\u00f3d\u00fa sz\u00fclei ink\u00e1bb a csal\u00e1di v\u00e1llalkoz\u00e1snak, az Alma Kuck\u00f3nak szentelik minden idej\u00fcket. A tan\u00e9vkezd\u00e9s v\u00e1ratlan izgalmakat tartogat Becky sz\u00e1m\u00e1ra: az oszt\u00e1lyba \u00faj fi\u00fa, a sk\u00f3t Chris Cleland \u00e9rkezik, aki szemmel l\u00e1that\u00f3lag \u00e9rdekl\u0151dik a l\u00e1ny ir\u00e1nt.<br \/>\nEz azonban m\u00e9g nem minden\u2026<br \/>\nBecky egy v\u00e9ns\u00e9ges k\u00fatban vaskos k\u00f6nyvre akad, amely felt\u00e1rja titkait, s h\u0151s\u00fcnk egyszerre az \u00fajj\u00e1sz\u00fclet\u0151k k\u00e1pr\u00e1zatos, \u00e1m egyben k\u00eds\u00e9rteties erdej\u00e9be nyer bebocs\u00e1t\u00e1st, ahol \u00e1llatfej\u0171 \u00e9s m\u00e1s torz l\u00e9nyekkel, olykor emberi k\u00fcls\u0151vel rendelkez\u0151 k\u00fcl\u00f6nleges teremtm\u00e9nyekkel tal\u00e1lkozik. \u0150k azok a holtak, akik \u2013 el\u0151z\u0151 \u00e9leteikre eml\u00e9kezve, a kinti vil\u00e1gt\u00f3l elszakadva \u2013 t\u00fcnd\u00e9rek \u00e9s m\u00e1s mitikus l\u00e9nyek k\u00f6z\u00f6tt kezdtek \u00faj \u00e9letet.<br \/>\nBecky Apple pont akkor \u00e9rkezik, majd v\u00e1lik az \u00d6r\u00f6kerd\u0151t v\u00e9delmez\u0151 druid\u00e1v\u00e1, amikor egy r\u00e9miszt\u0151, vony\u00edt\u00f3 gyilkos \u00e9s egy sejtelmes, rejt\u0151zk\u00f6d\u0151 ellens\u00e9g t\u0171nik fel.<br \/>\nBeckynek t\u00e1rsra van sz\u00fcks\u00e9ge\u2026 Chrisre esik a v\u00e1laszt\u00e1sa.<br \/>\nK\u00fczdelmeik sor\u00e1n Devin, az \u0151zfej\u0171 vad\u00e1sz, Coleen, a gy\u00f6ny\u00f6r\u0171s\u00e9ges t\u00fcnd\u00e9r, \u00e9s m\u00e1s, fur\u00e1bbn\u00e1l fur\u00e1bb bar\u00e1tok szeg\u0151dnek mell\u00e9j\u00fck. Az id\u0151 rohamosan fogy, nekik pedig meg kell v\u00edvniuk csat\u00e1jukat az \u00fajj\u00e1sz\u00fclet\u0151ket fenyeget\u0151 s\u00f6t\u00e9t er\u0151kkel.<\/p>\n","protected":false},"excerpt":{"rendered":"<p>Ez Artair McKnight rendk\u00edv\u00fcli tril\u00f3gi\u00e1j\u00e1nak els\u0151 k\u00f6nyve. A fantasztikus t\u00f6rt\u00e9net a Becky Apple \u00e9s a s\u00f6t\u00e9tek, valamint a Becky Apple \u00e9s a d\u00fch\u00f6ng\u0151k c\u00edm\u0171 k\u00f6tetekkel folytat\u00f3dik.<\/p>\n","protected":false},"featured_media":2340,"comment_status":"closed","ping_status":"closed","template":"","meta":[],"product_brand":[],"product_cat":[466],"product_tag":[294,271,324,274,320],"class_list":{"0":"post-2426","1":"product","2":"type-product","3":"status-publish","4":"has-post-thumbnail","6":"authors-artair-mcknight","7":"authors-janosi-petra","8":"publisher-pongrac-kiado","9":"product_cat-uncategorized","10":"product_tag-baratsag","11":"product_tag-kaland","12":"product_tag-kaprazat","13":"product_tag-titok","14":"product_tag-varazslat","16":"first","17":"outofstock","18":"shipping-taxable","19":"purchasable","20":"product-type-simple"},"_links":{"self":[{"href":"https:\/\/pongrac.hu\/index.php?rest_route=\/wp\/v2\/product\/2426","targetHints":{"allow":["GET"]}}],"collection":[{"href":"https:\/\/pongrac.hu\/index.php?rest_route=\/wp\/v2\/product"}],"about":[{"href":"https:\/\/pongrac.hu\/index.php?rest_route=\/wp\/v2\/types\/product"}],"replies":[{"embeddable":true,"href":"https:\/\/pongrac.hu\/index.php?rest_route=%2Fwp%2Fv2%2Fcomments&post=2426"}],"wp:featuredmedia":[{"embeddable":true,"href":"https:\/\/pongrac.hu\/index.php?rest_route=\/wp\/v2\/media\/2340"}],"wp:attachment":[{"href":"https:\/\/pongrac.hu\/index.php?rest_route=%2Fwp%2Fv2%2Fmedia&parent=2426"}],"wp:term":[{"taxonomy":"product_brand","embeddable":true,"href":"https:\/\/pongrac.hu\/index.php?rest_route=%2Fwp%2Fv2%2Fproduct_brand&post=2426"},{"taxonomy":"product_cat","embeddable":true,"href":"https:\/\/pongrac.hu\/index.php?rest_route=%2Fwp%2Fv2%2Fproduct_cat&post=2426"},{"taxonomy":"product_tag","embeddable":true,"href":"https:\/\/pongrac.hu\/index.php?rest_route=%2Fwp%2Fv2%2Fproduct_tag&post=2426"}],"curies":[{"name":"wp","href":"https:\/\/api.w.org\/{rel}","templated":true}]}}