{"id":2425,"date":"2015-10-01T08:00:08","date_gmt":"2015-10-01T08:00:08","guid":{"rendered":"http:\/\/dev.pongrac.hu\/?post_type=product&#038;p=2425"},"modified":"2025-02-21T17:10:10","modified_gmt":"2025-02-21T16:10:10","slug":"az-oszinteseg-perce","status":"publish","type":"product","link":"https:\/\/pongrac.hu\/?product=az-oszinteseg-perce","title":{"rendered":"Az \u0151szintes\u00e9g perce"},"content":{"rendered":"<p>Firenz\u00e9ben tal\u00e1lkozik a szint\u00e9n norv\u00e9g, kiss\u00e9 megsz\u00e1llott Jakobbal, aki \u00e9pp egy ifj\u00fas\u00e1gi magazinnak k\u00e9sz\u00fcl cikket \u00edrni arr\u00f3l, hogyan \u00e1br\u00e1zolt\u00e1k a vil\u00e1g nagy m\u0171v\u00e9szei a keresztre fesz\u00edt\u00e9st az \u00e9vsz\u00e1zadok sor\u00e1n. Frida a fi\u00fa mell\u00e9 szeg\u0151dik, egy\u00fctt utazgatnak. Jakob pedig sz\u00edvesen magyar\u00e1z a l\u00e1nynak a m\u0171alkot\u00e1sokr\u00f3l, mik\u00f6zben egyre bens\u0151s\u00e9gesebb\u00e9 v\u00e1lik a kapcsolatuk. Kettej\u00fck \u00e9s az \u00e9vsz\u00e1zados mesterm\u0171vek t\u00f6rt\u00e9nete egym\u00e1sba fon\u00f3dik.<\/p>\n<p>A l\u00e1ny roml\u00f3 eg\u00e9szs\u00e9gi \u00e1llapot\u00e1t k\u00f6vetni olyan, mintha egy thrillerbe cs\u00f6ppent\u00fcnk volna: a kezel\u00e9s sikere er\u0151sen k\u00e9ts\u00e9ges, s a h\u00e1tt\u00e9rben folyamatosan ott fenyeget a visszavonhatatlans\u00e1g r\u00e9me. Frida r\u00e1ad\u00e1sul hajlamos megfeledkezni a gy\u00f3gyszereir\u0151l, amelyeket pedig pontosan kellene szednie\u2026<\/p>\n<p>V\u00e9g\u00fcl meg\u00e9rkezik az osl\u00f3i k\u00f3rh\u00e1zba, ahol megkezd\u0151dik a m\u0171t\u00e9t\u2026<\/p>\n","protected":false},"excerpt":{"rendered":"<p>A tizenh\u00e9t \u00e9ves Frid\u00e1n\u00e1l s\u00falyos szembetegs\u00e9get diagnosztiz\u00e1lnak. K\u00e9ts\u00e9gbees\u00e9s\u00e9ben c\u00e9ltalanul r\u00f3ja Oslo utc\u00e1it, amikor is elhat\u00e1rozza, hogy utazni fog: l\u00e1tni akarja a vil\u00e1g csod\u00e1it, miel\u0151tt elhatalmasodik rajta a k\u00f3r, s m\u00e1r mindenhez t\u00fal k\u00e9s\u0151 lesz.<\/p>\n","protected":false},"featured_media":2339,"comment_status":"closed","ping_status":"closed","template":"","meta":[],"product_brand":[],"product_cat":[466],"product_tag":[],"class_list":{"0":"post-2425","1":"product","2":"type-product","3":"status-publish","4":"has-post-thumbnail","6":"authors-bjorn-sortland","7":"publisher-pongrac-kiado","8":"product_cat-uncategorized","10":"first","11":"outofstock","12":"shipping-taxable","13":"purchasable","14":"product-type-simple"},"_links":{"self":[{"href":"https:\/\/pongrac.hu\/index.php?rest_route=\/wp\/v2\/product\/2425","targetHints":{"allow":["GET"]}}],"collection":[{"href":"https:\/\/pongrac.hu\/index.php?rest_route=\/wp\/v2\/product"}],"about":[{"href":"https:\/\/pongrac.hu\/index.php?rest_route=\/wp\/v2\/types\/product"}],"replies":[{"embeddable":true,"href":"https:\/\/pongrac.hu\/index.php?rest_route=%2Fwp%2Fv2%2Fcomments&post=2425"}],"wp:featuredmedia":[{"embeddable":true,"href":"https:\/\/pongrac.hu\/index.php?rest_route=\/wp\/v2\/media\/2339"}],"wp:attachment":[{"href":"https:\/\/pongrac.hu\/index.php?rest_route=%2Fwp%2Fv2%2Fmedia&parent=2425"}],"wp:term":[{"taxonomy":"product_brand","embeddable":true,"href":"https:\/\/pongrac.hu\/index.php?rest_route=%2Fwp%2Fv2%2Fproduct_brand&post=2425"},{"taxonomy":"product_cat","embeddable":true,"href":"https:\/\/pongrac.hu\/index.php?rest_route=%2Fwp%2Fv2%2Fproduct_cat&post=2425"},{"taxonomy":"product_tag","embeddable":true,"href":"https:\/\/pongrac.hu\/index.php?rest_route=%2Fwp%2Fv2%2Fproduct_tag&post=2425"}],"curies":[{"name":"wp","href":"https:\/\/api.w.org\/{rel}","templated":true}]}}