{"id":2424,"date":"2010-05-01T08:00:37","date_gmt":"2010-05-01T08:00:37","guid":{"rendered":"http:\/\/dev.pongrac.hu\/?post_type=product&#038;p=2424"},"modified":"2025-02-21T17:18:06","modified_gmt":"2025-02-21T16:18:06","slug":"az-egi-palota","status":"publish","type":"product","link":"https:\/\/pongrac.hu\/?product=az-egi-palota","title":{"rendered":"Az \u00e9gi palota"},"content":{"rendered":"<p>Abdullah fiatal \u00e9s nem t\u00fal j\u00f3m\u00f3d\u00fa sz\u0151nyegkeresked\u0151. Apja csal\u00f3dott benne, ez\u00e9rt v\u00e9grendelet\u00e9ben csak annyi p\u00e9nzt hagyott r\u00e1, hogy egy szer\u00e9ny \u00fczletet nyithasson a baz\u00e1rban. Amikor \u00e9ppen nem \u00e1rult sz\u0151nyeget, Abdullah \u00e1br\u00e1ndoz\u00e1ssal t\u00f6lt\u00f6tte napjait. \u00c1lmaiban nem apja fia volt, hanem egy herceg r\u00e9g elveszett ut\u00f3da. \u00c1br\u00e1ndozott egy hercegn\u0151r\u0151l is, akit sz\u00fclet\u00e9sekor neki \u00edg\u00e9rtek feles\u00e9g\u00fcl. El\u00e9gedett volt \u00e1lmaival s \u00e1br\u00e1ndoz\u00e1saival eg\u00e9szen addig, m\u00edg egy napon egy idegen var\u00e1zssz\u0151nyeget adott el neki\u2026<br \/>\nAz Eur\u00f3pai Bizotts\u00e1g t\u00e1mogat\u00e1st ny\u00fajtott ennek a projektnek a k\u00f6lts\u00e9geihez.<br \/>\nEz a kiadv\u00e1ny a szerz\u0151 n\u00e9zeteit t\u00fckr\u00f6zi, \u00e9s az Eur\u00f3pai Bizotts\u00e1g nem tehet\u0151 felel\u0151ss\u00e9 az abban foglaltak b\u00e1rminem\u0171 felhaszn\u00e1l\u00e1s\u00e9rt.<\/p>\n","protected":false},"excerpt":{"rendered":"<p><em>A v\u00e1ndorl\u00f3 palota<\/em> nagyszer\u0171 folytat\u00e1sa Diana Wynne Jones \u00fajra nagy \u00edv\u0171, fordulatos, izgalmas fant\u00e1ziavil\u00e1got mutat be, amelyben senki \u00e9s semmi nm az, aminek \u00e9s akinek l\u00e1tszik.<\/p>\n","protected":false},"featured_media":2338,"comment_status":"closed","ping_status":"closed","template":"","meta":[],"product_brand":[],"product_cat":[466],"product_tag":[294,276,307,271,284,303,312,297],"class_list":{"0":"post-2424","1":"product","2":"type-product","3":"status-publish","4":"has-post-thumbnail","6":"authors-diana-wynne-jones","7":"publisher-pongrac-kiado","8":"product_cat-uncategorized","9":"product_tag-baratsag","10":"product_tag-boszorkany","11":"product_tag-fantasy","12":"product_tag-kaland","13":"product_tag-magia","14":"product_tag-nyomozas","15":"product_tag-szerelem","16":"product_tag-utazas","18":"first","19":"outofstock","20":"shipping-taxable","21":"purchasable","22":"product-type-simple"},"_links":{"self":[{"href":"https:\/\/pongrac.hu\/index.php?rest_route=\/wp\/v2\/product\/2424","targetHints":{"allow":["GET"]}}],"collection":[{"href":"https:\/\/pongrac.hu\/index.php?rest_route=\/wp\/v2\/product"}],"about":[{"href":"https:\/\/pongrac.hu\/index.php?rest_route=\/wp\/v2\/types\/product"}],"replies":[{"embeddable":true,"href":"https:\/\/pongrac.hu\/index.php?rest_route=%2Fwp%2Fv2%2Fcomments&post=2424"}],"wp:featuredmedia":[{"embeddable":true,"href":"https:\/\/pongrac.hu\/index.php?rest_route=\/wp\/v2\/media\/2338"}],"wp:attachment":[{"href":"https:\/\/pongrac.hu\/index.php?rest_route=%2Fwp%2Fv2%2Fmedia&parent=2424"}],"wp:term":[{"taxonomy":"product_brand","embeddable":true,"href":"https:\/\/pongrac.hu\/index.php?rest_route=%2Fwp%2Fv2%2Fproduct_brand&post=2424"},{"taxonomy":"product_cat","embeddable":true,"href":"https:\/\/pongrac.hu\/index.php?rest_route=%2Fwp%2Fv2%2Fproduct_cat&post=2424"},{"taxonomy":"product_tag","embeddable":true,"href":"https:\/\/pongrac.hu\/index.php?rest_route=%2Fwp%2Fv2%2Fproduct_tag&post=2424"}],"curies":[{"name":"wp","href":"https:\/\/api.w.org\/{rel}","templated":true}]}}