{"id":2422,"date":"2011-01-01T08:00:51","date_gmt":"2011-01-01T08:00:51","guid":{"rendered":"http:\/\/dev.pongrac.hu\/?post_type=product&#038;p=2422"},"modified":"2018-02-16T13:14:30","modified_gmt":"2018-02-16T12:14:30","slug":"a-vandorlo-palota","status":"publish","type":"product","link":"https:\/\/pongrac.hu\/?product=a-vandorlo-palota","title":{"rendered":"A v\u00e1ndorl\u00f3 palota"},"content":{"rendered":"<p>Sophie-nak nem marad m\u00e1s v\u00e1laszt\u00e1sa, mint hogy az egyetlen helyre menjen, ahol seg\u00edts\u00e9get kaphat \u2013 Howl var\u00e1zsl\u00f3 v\u00e1ndorl\u00f3 palot\u00e1j\u00e1ba. \u00c1m Howlr\u00f3l azt h\u00edresztelik, hogy megeszi a fiatal l\u00e1nyok sz\u00edv\u00e9t \u00e9s kisz\u00edvja a lelk\u00fcket. A reg\u00e9ny alapj\u00e1n Hayao Miyazaki k\u00e9sz\u00edtett Oscar-d\u00edjas anim\u00e1ci\u00f3s filmet.<br \/>\nAz Eur\u00f3pai Bizotts\u00e1g t\u00e1mogat\u00e1st ny\u00fajtott ennek a projektnek a k\u00f6lts\u00e9geihez.<br \/>\nEz a kiadv\u00e1ny a szerz\u0151 n\u00e9zeteit t\u00fckr\u00f6zi, \u00e9s az Eur\u00f3pai Bizotts\u00e1g nem tehet\u0151 felel\u0151ss\u00e9 az abban foglaltak b\u00e1rminem\u0171 felhaszn\u00e1l\u00e1s\u00e9rt.<\/p>\n","protected":false},"excerpt":{"rendered":"<p>Ingary f\u00f6ldj\u00e9n, ahol a h\u00e9tm\u00e9rf\u00f6ldes csizm\u00e1k \u00e9s a l\u00e1thatatlann\u00e1 t\u00e9v\u0151 k\u00f6penyek t\u00e9nyleg l\u00e9teznek, Sophie Hatter felh\u00edvja mag\u00e1ra a Puszt\u00e1k Boszork\u00e1ny\u00e1nak figyelm\u00e9t, aki \u00e1tkot sz\u00f3r a l\u00e1nyra.<\/p>\n","protected":false},"featured_media":2337,"comment_status":"closed","ping_status":"closed","template":"","meta":[],"product_brand":[],"product_cat":[466],"product_tag":[276,307,271,284,312,297],"class_list":{"0":"post-2422","1":"product","2":"type-product","3":"status-publish","4":"has-post-thumbnail","6":"authors-diana-wynne-jones","7":"publisher-pongrac-kiado","8":"product_cat-uncategorized","9":"product_tag-boszorkany","10":"product_tag-fantasy","11":"product_tag-kaland","12":"product_tag-magia","13":"product_tag-szerelem","14":"product_tag-utazas","16":"first","17":"outofstock","18":"shipping-taxable","19":"purchasable","20":"product-type-simple"},"_links":{"self":[{"href":"https:\/\/pongrac.hu\/index.php?rest_route=\/wp\/v2\/product\/2422","targetHints":{"allow":["GET"]}}],"collection":[{"href":"https:\/\/pongrac.hu\/index.php?rest_route=\/wp\/v2\/product"}],"about":[{"href":"https:\/\/pongrac.hu\/index.php?rest_route=\/wp\/v2\/types\/product"}],"replies":[{"embeddable":true,"href":"https:\/\/pongrac.hu\/index.php?rest_route=%2Fwp%2Fv2%2Fcomments&post=2422"}],"wp:featuredmedia":[{"embeddable":true,"href":"https:\/\/pongrac.hu\/index.php?rest_route=\/wp\/v2\/media\/2337"}],"wp:attachment":[{"href":"https:\/\/pongrac.hu\/index.php?rest_route=%2Fwp%2Fv2%2Fmedia&parent=2422"}],"wp:term":[{"taxonomy":"product_brand","embeddable":true,"href":"https:\/\/pongrac.hu\/index.php?rest_route=%2Fwp%2Fv2%2Fproduct_brand&post=2422"},{"taxonomy":"product_cat","embeddable":true,"href":"https:\/\/pongrac.hu\/index.php?rest_route=%2Fwp%2Fv2%2Fproduct_cat&post=2422"},{"taxonomy":"product_tag","embeddable":true,"href":"https:\/\/pongrac.hu\/index.php?rest_route=%2Fwp%2Fv2%2Fproduct_tag&post=2422"}],"curies":[{"name":"wp","href":"https:\/\/api.w.org\/{rel}","templated":true}]}}