{"id":2420,"date":"2009-03-01T08:00:09","date_gmt":"2009-03-01T08:00:09","guid":{"rendered":"http:\/\/dev.pongrac.hu\/?post_type=product&#038;p=2420"},"modified":"2021-01-21T14:35:35","modified_gmt":"2021-01-21T13:35:35","slug":"a-vadoc","status":"publish","type":"product","link":"https:\/\/pongrac.hu\/?product=a-vadoc","title":{"rendered":"A Vad\u00f3c"},"content":{"rendered":"<p>Mert ilyen a val\u00f3 \u00e9let. Legal\u00e1bbis Blue sz\u00e1m\u00e1ra.\u00a0Mivel meghalt az \u00e9desapja, \u00e9s Hopper, a v\u00e1rosi vag\u00e1ny r\u00e1sz\u00e1llt. Azt\u00e1n Blue t\u00f6rt\u00e9nete saj\u00e1t \u00e9letet kezd \u00e9lni \u2013 fura, vad, var\u00e1zslatos \u00e9s s\u00f6t\u00e9t \u00e9letet\u2026 \u00c9s amikor a t\u00f6rt\u00e9net f\u0151szerepl\u0151je, a vad\u00f3c, \u00e9jszaka megl\u00e1togatja Hoppert, Blue-nak el kell gondolkoznia azon, hol v\u00e9gz\u0151dik \u0151, \u00e9s hol kezd\u0151dik a vad\u00f3c.\u00a0Almond csod\u00e1latos t\u00f6rt\u00e9net\u00e9t McKean illusztr\u00e1ci\u00f3i teszik teljess\u00e9.<\/p>\n","protected":false},"excerpt":{"rendered":"<p>A tizen\u00e9ves Blue Baker egy t\u00f6rt\u00e9netet \u00edr\u2026 Nem var\u00e1zsl\u00f3kr\u00f3l meg t\u00fcnd\u00e9rekr\u0151l, nem holmi \u201eboldogan \u00e9ltek, m\u00edg meg nem haltak\u201d-r\u00f3l sz\u00f3l\u00f3 mes\u00e9t, hanem igaz t\u00f6rt\u00e9netet f\u00e9lelemr\u0151l, v\u00e9rr\u0151l \u00e9s kalandokr\u00f3l.<\/p>\n","protected":false},"featured_media":2336,"comment_status":"closed","ping_status":"closed","template":"","meta":[],"product_brand":[],"product_cat":[466],"product_tag":[307,286,287,315,300,319,288,316,305,301,290,318,317],"class_list":{"0":"post-2420","1":"product","2":"type-product","3":"status-publish","4":"has-post-thumbnail","6":"authors-david-almond","7":"publisher-pongrac-kiado","8":"product_cat-uncategorized","9":"product_tag-fantasy","10":"product_tag-felelem","11":"product_tag-gyilkossag","12":"product_tag-iras","13":"product_tag-kamaszkor","14":"product_tag-kepregeny","15":"product_tag-kepzelet","16":"product_tag-novella","17":"product_tag-onmagad","18":"product_tag-pszichokaland","19":"product_tag-remseg","20":"product_tag-suli","21":"product_tag-vadsag","23":"first","24":"outofstock","25":"shipping-taxable","26":"purchasable","27":"product-type-simple"},"_links":{"self":[{"href":"https:\/\/pongrac.hu\/index.php?rest_route=\/wp\/v2\/product\/2420","targetHints":{"allow":["GET"]}}],"collection":[{"href":"https:\/\/pongrac.hu\/index.php?rest_route=\/wp\/v2\/product"}],"about":[{"href":"https:\/\/pongrac.hu\/index.php?rest_route=\/wp\/v2\/types\/product"}],"replies":[{"embeddable":true,"href":"https:\/\/pongrac.hu\/index.php?rest_route=%2Fwp%2Fv2%2Fcomments&post=2420"}],"wp:featuredmedia":[{"embeddable":true,"href":"https:\/\/pongrac.hu\/index.php?rest_route=\/wp\/v2\/media\/2336"}],"wp:attachment":[{"href":"https:\/\/pongrac.hu\/index.php?rest_route=%2Fwp%2Fv2%2Fmedia&parent=2420"}],"wp:term":[{"taxonomy":"product_brand","embeddable":true,"href":"https:\/\/pongrac.hu\/index.php?rest_route=%2Fwp%2Fv2%2Fproduct_brand&post=2420"},{"taxonomy":"product_cat","embeddable":true,"href":"https:\/\/pongrac.hu\/index.php?rest_route=%2Fwp%2Fv2%2Fproduct_cat&post=2420"},{"taxonomy":"product_tag","embeddable":true,"href":"https:\/\/pongrac.hu\/index.php?rest_route=%2Fwp%2Fv2%2Fproduct_tag&post=2420"}],"curies":[{"name":"wp","href":"https:\/\/api.w.org\/{rel}","templated":true}]}}