{"id":2419,"date":"2010-08-22T08:00:49","date_gmt":"2010-08-22T08:00:49","guid":{"rendered":"http:\/\/dev.pongrac.hu\/?post_type=product&#038;p=2419"},"modified":"2025-02-21T17:17:32","modified_gmt":"2025-02-21T16:17:32","slug":"a-tundekiraly-utazasa","status":"publish","type":"product","link":"https:\/\/pongrac.hu\/?product=a-tundekiraly-utazasa","title":{"rendered":"A t\u00fcndekir\u00e1ly utaz\u00e1sa"},"content":{"rendered":"<p>Leandro, a t\u00fcndekir\u00e1ly azonnal cselekszik, hogy megakad\u00e1lyozza a katasztr\u00f3f\u00e1t. Obligo, a s\u00e1rk\u00e1ny h\u00e1t\u00e1n Arienn \u00e9s Erik is a Var\u00e1zserd\u0151be indulnak, ahol \u00faj kaland veszi kezdet\u00e9t.<\/p>\n","protected":false},"excerpt":{"rendered":"<p>Hogy ker\u00fclnek a koboldok a m\u00fazeumba? Erik alig hisz a szem\u00e9nek. M\u00e9gis minden vil\u00e1goss\u00e1 v\u00e1lik, amikor seg\u00e9lyh\u00edv\u00e1s \u00e9rkezik: A Var\u00e1zserd\u0151 \u00e9s Emberf\u00f6lde k\u00f6z\u00f6tti hat\u00e1r megny\u00edlt!<\/p>\n","protected":false},"featured_media":2335,"comment_status":"closed","ping_status":"closed","template":"","meta":[],"product_brand":[],"product_cat":[466],"product_tag":[294,307,288,284,298,297],"class_list":{"0":"post-2419","1":"product","2":"type-product","3":"status-publish","4":"has-post-thumbnail","6":"authors-vanessa-walder","7":"publisher-pongrac-kiado","8":"product_cat-uncategorized","9":"product_tag-baratsag","10":"product_tag-fantasy","11":"product_tag-kepzelet","12":"product_tag-magia","13":"product_tag-mese","14":"product_tag-utazas","16":"first","17":"outofstock","18":"shipping-taxable","19":"purchasable","20":"product-type-simple"},"_links":{"self":[{"href":"https:\/\/pongrac.hu\/index.php?rest_route=\/wp\/v2\/product\/2419","targetHints":{"allow":["GET"]}}],"collection":[{"href":"https:\/\/pongrac.hu\/index.php?rest_route=\/wp\/v2\/product"}],"about":[{"href":"https:\/\/pongrac.hu\/index.php?rest_route=\/wp\/v2\/types\/product"}],"replies":[{"embeddable":true,"href":"https:\/\/pongrac.hu\/index.php?rest_route=%2Fwp%2Fv2%2Fcomments&post=2419"}],"wp:featuredmedia":[{"embeddable":true,"href":"https:\/\/pongrac.hu\/index.php?rest_route=\/wp\/v2\/media\/2335"}],"wp:attachment":[{"href":"https:\/\/pongrac.hu\/index.php?rest_route=%2Fwp%2Fv2%2Fmedia&parent=2419"}],"wp:term":[{"taxonomy":"product_brand","embeddable":true,"href":"https:\/\/pongrac.hu\/index.php?rest_route=%2Fwp%2Fv2%2Fproduct_brand&post=2419"},{"taxonomy":"product_cat","embeddable":true,"href":"https:\/\/pongrac.hu\/index.php?rest_route=%2Fwp%2Fv2%2Fproduct_cat&post=2419"},{"taxonomy":"product_tag","embeddable":true,"href":"https:\/\/pongrac.hu\/index.php?rest_route=%2Fwp%2Fv2%2Fproduct_tag&post=2419"}],"curies":[{"name":"wp","href":"https:\/\/api.w.org\/{rel}","templated":true}]}}