{"id":2418,"date":"2010-03-04T08:00:46","date_gmt":"2010-03-04T08:00:46","guid":{"rendered":"http:\/\/dev.pongrac.hu\/?post_type=product&#038;p=2418"},"modified":"2021-01-21T14:36:30","modified_gmt":"2021-01-21T13:36:30","slug":"a-tu%cc%88ndekiraly-ejszakaja","status":"publish","type":"product","link":"https:\/\/pongrac.hu\/?product=a-tu%cc%88ndekiraly-ejszakaja","title":{"rendered":"A tu\u0308ndekir\u00e1ly \u00e9jszak\u00e1ja"},"content":{"rendered":"<p>Csak egy \u0151si j\u00f3slat val\u00f3ra v\u00e1lt\u00e1sa jelenthet menek\u00fcl\u00e9st. A t\u00fcndekir\u00e1lynak meg kell h\u00e1zasodnia\u2026 De ki lesz a megfelel\u0151 menyasszony? Tal\u00e1n Arienn, az emberkisl\u00e1ny? Arienn a Var\u00e1zserd\u0151be indul, \u00e9s kezdet\u00e9t veszi a versenyfut\u00e1s az id\u0151vel.<\/p>\n","protected":false},"excerpt":{"rendered":"<p>S\u00f6t\u00e9t \u00e9s hideg a Var\u00e1zserd\u0151. Egy titokzatos \u00e9s v\u00e9gzetes fenyeget\u00e9s \u00e1rny\u00e9kolja be lak\u00f3i \u00e9let\u00e9t.<\/p>\n","protected":false},"featured_media":2334,"comment_status":"closed","ping_status":"closed","template":"","meta":[],"product_brand":[],"product_cat":[466],"product_tag":[294,307,271],"class_list":{"0":"post-2418","1":"product","2":"type-product","3":"status-publish","4":"has-post-thumbnail","6":"authors-vanessa-walder","7":"publisher-pongrac-kiado","8":"product_cat-uncategorized","9":"product_tag-baratsag","10":"product_tag-fantasy","11":"product_tag-kaland","13":"first","14":"outofstock","15":"sale","16":"shipping-taxable","17":"purchasable","18":"product-type-simple"},"_links":{"self":[{"href":"https:\/\/pongrac.hu\/index.php?rest_route=\/wp\/v2\/product\/2418","targetHints":{"allow":["GET"]}}],"collection":[{"href":"https:\/\/pongrac.hu\/index.php?rest_route=\/wp\/v2\/product"}],"about":[{"href":"https:\/\/pongrac.hu\/index.php?rest_route=\/wp\/v2\/types\/product"}],"replies":[{"embeddable":true,"href":"https:\/\/pongrac.hu\/index.php?rest_route=%2Fwp%2Fv2%2Fcomments&post=2418"}],"wp:featuredmedia":[{"embeddable":true,"href":"https:\/\/pongrac.hu\/index.php?rest_route=\/wp\/v2\/media\/2334"}],"wp:attachment":[{"href":"https:\/\/pongrac.hu\/index.php?rest_route=%2Fwp%2Fv2%2Fmedia&parent=2418"}],"wp:term":[{"taxonomy":"product_brand","embeddable":true,"href":"https:\/\/pongrac.hu\/index.php?rest_route=%2Fwp%2Fv2%2Fproduct_brand&post=2418"},{"taxonomy":"product_cat","embeddable":true,"href":"https:\/\/pongrac.hu\/index.php?rest_route=%2Fwp%2Fv2%2Fproduct_cat&post=2418"},{"taxonomy":"product_tag","embeddable":true,"href":"https:\/\/pongrac.hu\/index.php?rest_route=%2Fwp%2Fv2%2Fproduct_tag&post=2418"}],"curies":[{"name":"wp","href":"https:\/\/api.w.org\/{rel}","templated":true}]}}