{"id":2417,"date":"2010-12-01T08:00:44","date_gmt":"2010-12-01T08:00:44","guid":{"rendered":"http:\/\/dev.pongrac.hu\/?post_type=product&#038;p=2417"},"modified":"2025-02-21T17:16:57","modified_gmt":"2025-02-21T16:16:57","slug":"a-tundekiraly-atka","status":"publish","type":"product","link":"https:\/\/pongrac.hu\/?product=a-tundekiraly-atka","title":{"rendered":"A t\u00fcndekir\u00e1ly \u00e1tka"},"content":{"rendered":"<p>Egy forr\u00f3 ny\u00e1ri \u00e9jszak\u00e1n Ariennt elrabolja \u2013 egy hatalmas s\u00e1rk\u00e1ny! A sz\u00f6rnyeteg a t\u00e1voli, s\u00f6t\u00e9t Var\u00e1zserd\u0151be viszi. \u00dagy t\u0171nik, hogy az erd\u0151ben \u00e9l\u0151 m\u00e1gikus l\u00e9nyek nem kedvelik a kisl\u00e1nyt. K\u00fcl\u00f6nben mi\u00e9rt sz\u00f3rna r\u00e1 s\u00f6t\u00e9t var\u00e1zslatot a t\u00fcndekir\u00e1ly, Leandro? Egy \u00e1tkot, amely megakad\u00e1lyozza, hogy Arienn hazat\u00e9rhessen.<\/p>\n","protected":false},"excerpt":{"rendered":"<p>Az \u00e1tok hat\u00e1s\u00e1ra az emberek vil\u00e1g\u00e1ban mindenki elfelejti, hogy a kisl\u00e1ny valaha is l\u00e9tezett. Arienn k\u00e9ts\u00e9gbe esik, de a Var\u00e1zserd\u0151ben bar\u00e1tai is akadnak, akik a seg\u00edts\u00e9g\u00e9re sietnek.<\/p>\n","protected":false},"featured_media":2333,"comment_status":"closed","ping_status":"closed","template":"","meta":[],"product_brand":[],"product_cat":[466],"product_tag":[294,307,271,288,284,298],"class_list":{"0":"post-2417","1":"product","2":"type-product","3":"status-publish","4":"has-post-thumbnail","6":"authors-vanessa-walder","7":"publisher-pongrac-kiado","8":"product_cat-uncategorized","9":"product_tag-baratsag","10":"product_tag-fantasy","11":"product_tag-kaland","12":"product_tag-kepzelet","13":"product_tag-magia","14":"product_tag-mese","16":"first","17":"outofstock","18":"shipping-taxable","19":"purchasable","20":"product-type-simple"},"_links":{"self":[{"href":"https:\/\/pongrac.hu\/index.php?rest_route=\/wp\/v2\/product\/2417","targetHints":{"allow":["GET"]}}],"collection":[{"href":"https:\/\/pongrac.hu\/index.php?rest_route=\/wp\/v2\/product"}],"about":[{"href":"https:\/\/pongrac.hu\/index.php?rest_route=\/wp\/v2\/types\/product"}],"replies":[{"embeddable":true,"href":"https:\/\/pongrac.hu\/index.php?rest_route=%2Fwp%2Fv2%2Fcomments&post=2417"}],"wp:featuredmedia":[{"embeddable":true,"href":"https:\/\/pongrac.hu\/index.php?rest_route=\/wp\/v2\/media\/2333"}],"wp:attachment":[{"href":"https:\/\/pongrac.hu\/index.php?rest_route=%2Fwp%2Fv2%2Fmedia&parent=2417"}],"wp:term":[{"taxonomy":"product_brand","embeddable":true,"href":"https:\/\/pongrac.hu\/index.php?rest_route=%2Fwp%2Fv2%2Fproduct_brand&post=2417"},{"taxonomy":"product_cat","embeddable":true,"href":"https:\/\/pongrac.hu\/index.php?rest_route=%2Fwp%2Fv2%2Fproduct_cat&post=2417"},{"taxonomy":"product_tag","embeddable":true,"href":"https:\/\/pongrac.hu\/index.php?rest_route=%2Fwp%2Fv2%2Fproduct_tag&post=2417"}],"curies":[{"name":"wp","href":"https:\/\/api.w.org\/{rel}","templated":true}]}}