{"id":2415,"date":"2014-02-01T09:34:34","date_gmt":"2014-02-01T09:34:34","guid":{"rendered":"http:\/\/dev.pongrac.hu\/?post_type=product&#038;p=2415"},"modified":"2021-01-21T13:53:42","modified_gmt":"2021-01-21T12:53:42","slug":"a-sarga-kanape","status":"publish","type":"product","link":"https:\/\/pongrac.hu\/?product=a-sarga-kanape","title":{"rendered":"A s\u00e1rga kanap\u00e9"},"content":{"rendered":"<p>Kis\u00f3 lassan 16 \u00e9ves. N\u00e9ha randizik, de nem k\u00fcl\u00f6n\u00f6sebben izgatja a dolog. Eg\u00e9szen addig, am\u00edg fel nem bukkan a sz\u00ednen a szomsz\u00e9d sr\u00e1c. Illetve sr\u00e1cok. Hiszen egy testv\u00e9rp\u00e1r k\u00f6lt\u00f6zik a szomsz\u00e9d h\u00e1zba. Kis\u00f3 szerelmes lesz. Nagyon. Krist\u00f3fba, az id\u0151sebb z\u00f6ld szem\u0171be. \u0150 a nagy szerelem, az igazi, az ELS\u0150. Legal\u00e1bbis \u00fagy t\u0171nik.<\/p>\n<p>&nbsp;<\/p>\n","protected":false},"excerpt":{"rendered":"<p>Egy p\u00e9nteken napl\u00f3t kezd \u00edrni.<\/p>\n<p>Ezt a napl\u00f3t tartod most a kezedben.<\/p>\n<p>F\u00e9l \u00e9v t\u00f6rt\u00e9n\u00e9seit.<\/p>\n","protected":false},"featured_media":2331,"comment_status":"closed","ping_status":"closed","template":"","meta":[],"product_brand":[],"product_cat":[466],"product_tag":[302,311,300,312],"class_list":{"0":"post-2415","1":"product","2":"type-product","3":"status-publish","4":"has-post-thumbnail","6":"authors-l-molnar-edit","7":"authors-mendlik-balint","8":"authors-neogrady-kiss-barnabas","9":"publisher-pongrac-kiado","10":"product_cat-uncategorized","11":"product_tag-barat","12":"product_tag-ifjusag","13":"product_tag-kamaszkor","14":"product_tag-szerelem","16":"first","17":"instock","18":"shipping-taxable","19":"purchasable","20":"product-type-simple"},"_links":{"self":[{"href":"https:\/\/pongrac.hu\/index.php?rest_route=\/wp\/v2\/product\/2415","targetHints":{"allow":["GET"]}}],"collection":[{"href":"https:\/\/pongrac.hu\/index.php?rest_route=\/wp\/v2\/product"}],"about":[{"href":"https:\/\/pongrac.hu\/index.php?rest_route=\/wp\/v2\/types\/product"}],"replies":[{"embeddable":true,"href":"https:\/\/pongrac.hu\/index.php?rest_route=%2Fwp%2Fv2%2Fcomments&post=2415"}],"wp:featuredmedia":[{"embeddable":true,"href":"https:\/\/pongrac.hu\/index.php?rest_route=\/wp\/v2\/media\/2331"}],"wp:attachment":[{"href":"https:\/\/pongrac.hu\/index.php?rest_route=%2Fwp%2Fv2%2Fmedia&parent=2415"}],"wp:term":[{"taxonomy":"product_brand","embeddable":true,"href":"https:\/\/pongrac.hu\/index.php?rest_route=%2Fwp%2Fv2%2Fproduct_brand&post=2415"},{"taxonomy":"product_cat","embeddable":true,"href":"https:\/\/pongrac.hu\/index.php?rest_route=%2Fwp%2Fv2%2Fproduct_cat&post=2415"},{"taxonomy":"product_tag","embeddable":true,"href":"https:\/\/pongrac.hu\/index.php?rest_route=%2Fwp%2Fv2%2Fproduct_tag&post=2415"}],"curies":[{"name":"wp","href":"https:\/\/api.w.org\/{rel}","templated":true}]}}