{"id":2414,"date":"2011-06-01T08:00:54","date_gmt":"2011-06-01T08:00:54","guid":{"rendered":"http:\/\/dev.pongrac.hu\/?post_type=product&#038;p=2414"},"modified":"2025-02-21T17:15:39","modified_gmt":"2025-02-21T16:15:39","slug":"a-masik-palota","status":"publish","type":"product","link":"https:\/\/pongrac.hu\/?product=a-masik-palota","title":{"rendered":"A m\u00e1sik palota"},"content":{"rendered":"<p>Aj\u00e1nlom ezt a k\u00f6nyvet azoknak, akik azt hiszik, tudj\u00e1k, mi rejlik a csukott ajt\u00f3k m\u00e1sik oldal\u00e1n. \u00c9s azoknak is, akik tudj\u00e1k, hogy az embert mindig \u00e9rhetik meglepet\u00e9sek, ha kinyit egy ajt\u00f3t!\u201d A kiss\u00e9 f\u00f6ldh\u00f6zragadt Charmainnek minden v\u00e1gya, hogy zavartalan nyugalomban olvashassa kedvenc k\u00f6nyveit. Ez persze nem k\u00f6nny\u0171, ha az ember d\u00e9dnagyb\u00e1tyja var\u00e1zsl\u00f3, aki r\u00e1ad\u00e1sul \u00e9ppen seg\u00edts\u00e9gre szorul. A m\u00e1sik palota izgalmasabb, mint a vil\u00e1g legjobb vid\u00e1mparkj\u00e1nak legelvar\u00e1zsoltabb kast\u00e9lya.<br \/>\nA napokban elhunyt Diana Wynne Jones k\u00f6nyv\u00e9ben ism\u00e9t remek szerepl\u0151kkel tal\u00e1lkozhatunk, akikre sz\u00e1mtalan kaland v\u00e1r, \u00e1m a rengeteg v\u00e1ratlan fordulat ut\u00e1n v\u00e9g\u00fcl most is minden a hely\u00e9re ker\u00fcl.<\/p>\n","protected":false},"excerpt":{"rendered":"<p>Ha tetszett <em>A v\u00e1ndorl\u00f3 palota<\/em> \u00e9s <em>Az \u00e9gi palota<\/em>, akkor ez a k\u00f6nyv is kihagyhatatlan; a t\u00f6rt\u00e9net azonban mag\u00e1ban is meg\u00e1llja a hely\u00e9t \u2013 akkor is \u00e9lvezni fogod, ha m\u00e9g nem olvastad a m\u00e1sik kett\u0151t. Ut\u00e1na viszont biztosan az lesz az els\u0151 dolgod, hogy azokat is megszerezd.<\/p>\n","protected":false},"featured_media":2330,"comment_status":"closed","ping_status":"closed","template":"","meta":[],"product_brand":[],"product_cat":[466],"product_tag":[294,276,307,271,284,303],"class_list":{"0":"post-2414","1":"product","2":"type-product","3":"status-publish","4":"has-post-thumbnail","6":"authors-diana-wynne-jones","7":"publisher-pongrac-kiado","8":"product_cat-uncategorized","9":"product_tag-baratsag","10":"product_tag-boszorkany","11":"product_tag-fantasy","12":"product_tag-kaland","13":"product_tag-magia","14":"product_tag-nyomozas","16":"first","17":"outofstock","18":"shipping-taxable","19":"purchasable","20":"product-type-simple"},"_links":{"self":[{"href":"https:\/\/pongrac.hu\/index.php?rest_route=\/wp\/v2\/product\/2414","targetHints":{"allow":["GET"]}}],"collection":[{"href":"https:\/\/pongrac.hu\/index.php?rest_route=\/wp\/v2\/product"}],"about":[{"href":"https:\/\/pongrac.hu\/index.php?rest_route=\/wp\/v2\/types\/product"}],"replies":[{"embeddable":true,"href":"https:\/\/pongrac.hu\/index.php?rest_route=%2Fwp%2Fv2%2Fcomments&post=2414"}],"wp:featuredmedia":[{"embeddable":true,"href":"https:\/\/pongrac.hu\/index.php?rest_route=\/wp\/v2\/media\/2330"}],"wp:attachment":[{"href":"https:\/\/pongrac.hu\/index.php?rest_route=%2Fwp%2Fv2%2Fmedia&parent=2414"}],"wp:term":[{"taxonomy":"product_brand","embeddable":true,"href":"https:\/\/pongrac.hu\/index.php?rest_route=%2Fwp%2Fv2%2Fproduct_brand&post=2414"},{"taxonomy":"product_cat","embeddable":true,"href":"https:\/\/pongrac.hu\/index.php?rest_route=%2Fwp%2Fv2%2Fproduct_cat&post=2414"},{"taxonomy":"product_tag","embeddable":true,"href":"https:\/\/pongrac.hu\/index.php?rest_route=%2Fwp%2Fv2%2Fproduct_tag&post=2414"}],"curies":[{"name":"wp","href":"https:\/\/api.w.org\/{rel}","templated":true}]}}