{"id":2413,"date":"2010-09-01T08:00:11","date_gmt":"2010-09-01T08:00:11","guid":{"rendered":"http:\/\/dev.pongrac.hu\/?post_type=product&#038;p=2413"},"modified":"2019-12-09T11:01:48","modified_gmt":"2019-12-09T10:01:48","slug":"a-londoni-oriaskerek-rejtelye","status":"publish","type":"product","link":"https:\/\/pongrac.hu\/?product=a-londoni-oriaskerek-rejtelye","title":{"rendered":"A londoni \u00f3ri\u00e1sker\u00e9k rejt\u00e9lye"},"content":{"rendered":"<p>M\u00e1jus 24. 11:32<br \/>\nTed \u00e9s Kat figyeli, amint unokatestv\u00e9r\u00fck, Salim felsz\u00e1ll a londoni \u00f3ri\u00e1sker\u00e9kre. A f\u00fclke felemelkedik.<\/p>\n<p>M\u00e1jus 24. 12:02<br \/>\nA f\u00fclke f\u00f6ldet \u00e9r \u00e9s kiny\u00edlik az ajt\u00f3. Kisz\u00e1llnak az emberek, de hol van Salim?<\/p>\n<p>Amikor Gloria n\u00e9ni fia, Salim titokzatos k\u00f6r\u00fclm\u00e9nyek k\u00f6z\u00f6tt elt\u0171nik a londoni \u00f3ri\u00e1sker\u00e9k z\u00e1rt f\u00fclk\u00e9j\u00e9b\u0151l, mindenki k\u00e9ts\u00e9gbeesik.<br \/>\n\u00d6ngyullad\u00e1s \u00e1ldozata lett? (Ted elm\u00e9lete.)<br \/>\nElrabolt\u00e1k? (Gloria n\u00e9ni elm\u00e9lete.)<br \/>\n\u00c9l egy\u00e1ltal\u00e1n? (A csal\u00e1d kimondatlan f\u00e9lelme.)<\/p>\n","protected":false},"excerpt":{"rendered":"<p>M\u00e9g a rend\u0151rs\u00e9g is tan\u00e1cstalan. Ted, akinek agya m\u00e1s oper\u00e1ci\u00f3s rendszer szerint m\u0171k\u00f6dik, mint a t\u00f6bbi ember\u00e9, \u00e9s n\u0151v\u00e9re, Kat testv\u00e9ri torzsalkod\u00e1sukat f\u00e9lret\u00e9ve t\u00e1rsak lesznek a nyomoz\u00e1sban. K\u00e9ts\u00e9gbeesett er\u0151fesz\u00edt\u00e9ssel k\u00f6vetik a nyomokat szerte Londonban, hogy megtal\u00e1lj\u00e1k unokatestv\u00e9r\u00fcket, mik\u00f6zben az id\u0151 egyre fogy\u2026<\/p>\n","protected":false},"featured_media":2329,"comment_status":"closed","ping_status":"closed","template":"","meta":[],"product_brand":[],"product_cat":[466],"product_tag":[302,286,300,285,304,303,305,301,297],"class_list":{"0":"post-2413","1":"product","2":"type-product","3":"status-publish","4":"has-post-thumbnail","6":"authors-siobhan-dowd","7":"publisher-pongrac-kiado","8":"product_cat-uncategorized","9":"product_tag-barat","10":"product_tag-felelem","11":"product_tag-kamaszkor","12":"product_tag-krimi","13":"product_tag-london","14":"product_tag-nyomozas","15":"product_tag-onmagad","16":"product_tag-pszichokaland","17":"product_tag-utazas","19":"first","20":"outofstock","21":"shipping-taxable","22":"purchasable","23":"product-type-simple"},"_links":{"self":[{"href":"https:\/\/pongrac.hu\/index.php?rest_route=\/wp\/v2\/product\/2413","targetHints":{"allow":["GET"]}}],"collection":[{"href":"https:\/\/pongrac.hu\/index.php?rest_route=\/wp\/v2\/product"}],"about":[{"href":"https:\/\/pongrac.hu\/index.php?rest_route=\/wp\/v2\/types\/product"}],"replies":[{"embeddable":true,"href":"https:\/\/pongrac.hu\/index.php?rest_route=%2Fwp%2Fv2%2Fcomments&post=2413"}],"wp:featuredmedia":[{"embeddable":true,"href":"https:\/\/pongrac.hu\/index.php?rest_route=\/wp\/v2\/media\/2329"}],"wp:attachment":[{"href":"https:\/\/pongrac.hu\/index.php?rest_route=%2Fwp%2Fv2%2Fmedia&parent=2413"}],"wp:term":[{"taxonomy":"product_brand","embeddable":true,"href":"https:\/\/pongrac.hu\/index.php?rest_route=%2Fwp%2Fv2%2Fproduct_brand&post=2413"},{"taxonomy":"product_cat","embeddable":true,"href":"https:\/\/pongrac.hu\/index.php?rest_route=%2Fwp%2Fv2%2Fproduct_cat&post=2413"},{"taxonomy":"product_tag","embeddable":true,"href":"https:\/\/pongrac.hu\/index.php?rest_route=%2Fwp%2Fv2%2Fproduct_tag&post=2413"}],"curies":[{"name":"wp","href":"https:\/\/api.w.org\/{rel}","templated":true}]}}