{"id":2410,"date":"2015-10-13T08:00:10","date_gmt":"2015-10-13T08:00:10","guid":{"rendered":"http:\/\/dev.pongrac.hu\/?post_type=product&#038;p=2410"},"modified":"2025-02-21T17:10:00","modified_gmt":"2025-02-21T16:10:00","slug":"a-lap-gyermeke","status":"publish","type":"product","link":"https:\/\/pongrac.hu\/?product=a-lap-gyermeke","title":{"rendered":"A l\u00e1p gyermeke"},"content":{"rendered":"<p>Mik\u00f6zben a tizennyolc \u00e9ves Fergus t\u0151zeget \u00e1s Tally nagyb\u00e1tyj\u00e1val az \u00e9szak-\u00edr hat\u00e1ron, egy halott kisl\u00e1nyra lel a l\u00e1pban. \u00dagy t\u0171nik, a gyermeket meggyilkolt\u00e1k.<br \/>\nFergust szinte fojtogatj\u00e1k a k\u00f6r\u00fcl\u00f6tte zajl\u00f3 \u0151r\u00fclt esem\u00e9nyek \u2013 a b\u00e1tyja \u00e9hs\u00e9gsztr\u00e1jkol a b\u00f6rt\u00f6nben; Cora ir\u00e1nti \u00e9rz\u00e9sei mindjobban \u00f6sszezavarj\u00e1k; a sz\u00fclei \u00e1lland\u00f3 veszeked\u00e9sben \u00e9lnek a csal\u00e1dra nehezed\u0151 terhek nyom\u00e1sa alatt; r\u00e1ad\u00e1sul valaki megpr\u00f3b\u00e1lja megzsarolni a fi\u00fat: fut\u00e1rnak haszn\u00e1ln\u00e1, s csak a j\u00f3 isten tudja, mit kellene sz\u00e1ll\u00edtania \u2013, a mocs\u00e1rban tal\u00e1lt gyermek t\u00f6rt\u00e9nete egyre titokzatosabb fordulatokat vesz.<\/p>\n","protected":false},"excerpt":{"rendered":"<p>A l\u00e1p gyermeke megd\u00f6bbent\u0151 ifj\u00fas\u00e1gi reg\u00e9ny a b\u00e9ke nev\u00e9ben hozott \u00e1ldozatr\u00f3l \u00e9s az emberi szellem rend\u00edthetetlen erej\u00e9r\u0151l a zseni\u00e1lis Siobhan Dowd toll\u00e1b\u00f3l.<\/p>\n","protected":false},"featured_media":2327,"comment_status":"closed","ping_status":"closed","template":"","meta":[],"product_brand":[],"product_cat":[466],"product_tag":[],"class_list":{"0":"post-2410","1":"product","2":"type-product","3":"status-publish","4":"has-post-thumbnail","6":"authors-siobhan-dowd","7":"publisher-pongrac-kiado","8":"product_cat-uncategorized","10":"first","11":"outofstock","12":"shipping-taxable","13":"purchasable","14":"product-type-simple"},"_links":{"self":[{"href":"https:\/\/pongrac.hu\/index.php?rest_route=\/wp\/v2\/product\/2410","targetHints":{"allow":["GET"]}}],"collection":[{"href":"https:\/\/pongrac.hu\/index.php?rest_route=\/wp\/v2\/product"}],"about":[{"href":"https:\/\/pongrac.hu\/index.php?rest_route=\/wp\/v2\/types\/product"}],"replies":[{"embeddable":true,"href":"https:\/\/pongrac.hu\/index.php?rest_route=%2Fwp%2Fv2%2Fcomments&post=2410"}],"wp:featuredmedia":[{"embeddable":true,"href":"https:\/\/pongrac.hu\/index.php?rest_route=\/wp\/v2\/media\/2327"}],"wp:attachment":[{"href":"https:\/\/pongrac.hu\/index.php?rest_route=%2Fwp%2Fv2%2Fmedia&parent=2410"}],"wp:term":[{"taxonomy":"product_brand","embeddable":true,"href":"https:\/\/pongrac.hu\/index.php?rest_route=%2Fwp%2Fv2%2Fproduct_brand&post=2410"},{"taxonomy":"product_cat","embeddable":true,"href":"https:\/\/pongrac.hu\/index.php?rest_route=%2Fwp%2Fv2%2Fproduct_cat&post=2410"},{"taxonomy":"product_tag","embeddable":true,"href":"https:\/\/pongrac.hu\/index.php?rest_route=%2Fwp%2Fv2%2Fproduct_tag&post=2410"}],"curies":[{"name":"wp","href":"https:\/\/api.w.org\/{rel}","templated":true}]}}