{"id":2409,"date":"2011-04-01T08:00:50","date_gmt":"2011-04-01T08:00:50","guid":{"rendered":"http:\/\/dev.pongrac.hu\/?post_type=product&#038;p=2409"},"modified":"2025-02-21T17:16:16","modified_gmt":"2025-02-21T16:16:16","slug":"a-fiu-aki-utalta-a-decembert","status":"publish","type":"product","link":"https:\/\/pongrac.hu\/?product=a-fiu-aki-utalta-a-decembert","title":{"rendered":"A fi\u00fa, aki ut\u00e1lta a decembert"},"content":{"rendered":"<p>Titokzatos \u00e9s gonosz er\u0151k vett\u00e9k birtokukba a kisv\u00e1rost. Fekete ruh\u00e1s alakok jelennek meg, fura dolgok t\u00f6rt\u00e9nnek, emberek t\u0171nnek el, boltok z\u00e1rnak be. Az egyetlen, aki a v\u00e1ros \u00e9s a teljes \u00f6sszeoml\u00e1s k\u00f6z\u00f6tt \u00e1ll, egy fiatal fi\u00fa. Benjamin elvesztette a sz\u00fcleit, ez\u00e9rt r\u00e9m\u00e1lmok gy\u00f6trik. Mik\u00f6zben a kar\u00e1csonyi b\u00e9ke igyekszik r\u00e1telepedni a v\u00e1rosra, a fi\u00fa \u00e9s seg\u00edt\u0151je \u2013 a muszlim sz\u00e1rmaz\u00e1s\u00fa Shohreh \u2013 szembesz\u00e1llnak a gonosz er\u0151kkel, \u00e9s ek\u00f6zben megk\u00fczdenek a saj\u00e1t d\u00e9monaikkal is.<br \/>\nAz Eur\u00f3pai Bizotts\u00e1g t\u00e1mogat\u00e1st ny\u00fajtott ennek a projektnek a k\u00f6lts\u00e9geihez.<br \/>\nEz a kiadv\u00e1ny a szerz\u0151 n\u00e9zeteit t\u00fckr\u00f6zi, \u00e9s az Eur\u00f3pai Bizotts\u00e1g nem tehet\u0151 felel\u0151ss\u00e9 az abban foglaltak b\u00e1rminem\u0171 felhaszn\u00e1l\u00e1s\u00e9rt.<\/p>\n","protected":false},"excerpt":{"rendered":"<div class=\"_5wd4 _1nc6 direction_ltr\">\n<div class=\"_h8t\">\n<div id=\"js_bui\" class=\"_5wd9\" data-tooltip-content=\"10:40\" data-hover=\"tooltip\" data-tooltip-position=\"right\">\n<div class=\"_5wde _n4o\">\n<div class=\"_5w1r _3_om _5wdf\">\n<div class=\"_4gx_\">\n<div class=\"_d97\">\n<p><span class=\"_5yl5\"><span class=\"_5yl5\"><span class=\"_5yl5\">\u201eBejamin hirtelen felocs\u00fadott, a szorong\u00e1s\u00a0\u2013 nem, a retteg\u00e9s!\u00a0<\/span><\/span><\/span>\u2013 legy\u0151zte \u00a0a tompa k\u00e1bulatot. Felkapta a fej\u00e9t. [&#8230;] A n\u0151 keze meg\u00e1llt a leveg\u0151ben. A tramburin elhallgatott, az \u00e9nek is megsz\u0171nt. \u2013 Nicolae \u2013 sip\u00edtotta [&#8230;] \u2013, n\u00e9zd a fi\u00fa szem\u00e9t! Azt hiszem&#8230;azt hiszem, l\u00e1t minket! \u2013 A harmonikasz\u00f3 megszakadt. A h\u00f3pelyhek csendben sz\u00e1lling\u00f3ztak tov\u00e1bb. A fa alatt \u00e1ll\u00f3 alakokon \u00e1tf\u00fajta \u00a0a havat a sz\u00e9l, mintha ott sem lettek volna.\u201d<\/p>\n<div class=\"_5wd4 _1nc6 direction_ltr\"><\/div>\n<\/div>\n<\/div>\n<\/div>\n<\/div>\n<\/div>\n<\/div>\n<\/div>\n","protected":false},"featured_media":2325,"comment_status":"closed","ping_status":"closed","template":"","meta":[],"product_brand":[],"product_cat":[466],"product_tag":[276,286,287,271,288,285,284,290,289],"class_list":{"0":"post-2409","1":"product","2":"type-product","3":"status-publish","4":"has-post-thumbnail","6":"authors-yngve-froyen","7":"publisher-pongrac-kiado","8":"product_cat-uncategorized","9":"product_tag-boszorkany","10":"product_tag-felelem","11":"product_tag-gyilkossag","12":"product_tag-kaland","13":"product_tag-kepzelet","14":"product_tag-krimi","15":"product_tag-magia","16":"product_tag-remseg","17":"product_tag-tel","19":"first","20":"outofstock","21":"shipping-taxable","22":"purchasable","23":"product-type-simple"},"_links":{"self":[{"href":"https:\/\/pongrac.hu\/index.php?rest_route=\/wp\/v2\/product\/2409","targetHints":{"allow":["GET"]}}],"collection":[{"href":"https:\/\/pongrac.hu\/index.php?rest_route=\/wp\/v2\/product"}],"about":[{"href":"https:\/\/pongrac.hu\/index.php?rest_route=\/wp\/v2\/types\/product"}],"replies":[{"embeddable":true,"href":"https:\/\/pongrac.hu\/index.php?rest_route=%2Fwp%2Fv2%2Fcomments&post=2409"}],"wp:featuredmedia":[{"embeddable":true,"href":"https:\/\/pongrac.hu\/index.php?rest_route=\/wp\/v2\/media\/2325"}],"wp:attachment":[{"href":"https:\/\/pongrac.hu\/index.php?rest_route=%2Fwp%2Fv2%2Fmedia&parent=2409"}],"wp:term":[{"taxonomy":"product_brand","embeddable":true,"href":"https:\/\/pongrac.hu\/index.php?rest_route=%2Fwp%2Fv2%2Fproduct_brand&post=2409"},{"taxonomy":"product_cat","embeddable":true,"href":"https:\/\/pongrac.hu\/index.php?rest_route=%2Fwp%2Fv2%2Fproduct_cat&post=2409"},{"taxonomy":"product_tag","embeddable":true,"href":"https:\/\/pongrac.hu\/index.php?rest_route=%2Fwp%2Fv2%2Fproduct_tag&post=2409"}],"curies":[{"name":"wp","href":"https:\/\/api.w.org\/{rel}","templated":true}]}}