{"id":2318,"date":"2013-11-01T08:00:37","date_gmt":"2013-11-01T08:00:37","guid":{"rendered":"http:\/\/dev.pongrac.hu\/?post_type=product&#038;p=2318"},"modified":"2017-12-13T10:06:09","modified_gmt":"2017-12-13T09:06:09","slug":"noli-me-legere-tanulmanyok-maurice-blanchot-rol","status":"publish","type":"product","link":"https:\/\/pongrac.hu\/?product=noli-me-legere-tanulmanyok-maurice-blanchot-rol","title":{"rendered":"\u201eNoli me legere\u201d! \u2013 Tanulm\u00e1nyok Maurice Blanchot-r\u00f3l"},"content":{"rendered":"<p>Maurice Blanchot (1907\u20132003) \u00edr\u00f3, irodalomkritikus, filoz\u00f3fus a XX. sz\u00e1zad m\u00e1sodik fel\u00e9nek egyik legsokoldal\u00fabb, legizgalmasabb, egyben legtitokzatosabb francia gondolkod\u00f3ja.<\/p>\n<p>A sz\u00e1zad szellemi t\u00e9rk\u00e9p\u00e9n Blanchot nem csup\u00e1n fontos helyet foglal el, de maga is nagyban hozz\u00e1j\u00e1rult e t\u00e9rk\u00e9p megrajzol\u00e1s\u00e1hoz. Sz\u00fcrre\u00e1lis reg\u00e9nyek, \u00e9lesl\u00e1t\u00f3 kritik\u00e1k \u00e9s nagy\u00edv\u0171 elm\u00e9letek megfogalmaz\u00f3ja, mindek\u00f6zben \u00edr\u00e1sai recepci\u00f3s csom\u00f3pontok is, melyek n\u00e9lk\u00fcl sz\u00e1mos \u00f6sszef\u00fcgg\u00e9s nem vagy csak j\u00f3val kev\u00e9sb\u00e9 lenne l\u00e1that\u00f3 ezen a t\u00e9rk\u00e9pen. Blanchot forr\u00e1sai egyszerre irodalmiak \u00e9s filoz\u00f3fiaiak, franci\u00e1k \u00e9s n\u00e9metek (Rilke, Kafka, Proust, Mallarm\u00e9, Nietzsche, Husserl, Heidegger, Bataille, L\u00e9vinas stb.),\u00a0 hat\u00e1sa n\u00e9lk\u00fcl pedig vajmi kev\u00e9ss\u00e9 lenne felismerhet\u0151 korunk eur\u00f3pai gondolkod\u00e1sa. A \u2019Blanchot-hat\u00e1s\u2019 n\u00e9lk\u00fcl szinte elk\u00e9pzelhetetlenek mind Foucault \u00e9s Derrida, mind L\u00e9vinas vagy ak\u00e1r Barthes sz\u00f6vegei.<br \/>\nBlanchot \u00edr\u00e1saiban m\u00e1r a negyvenes \u00e9vekben felt\u0171nnek azok az elm\u00e9leti probl\u00e9m\u00e1k, melyek a hatvanas \u00e9vekt\u0151l alapjaiban rengetik meg a m\u0171v\u00e9szetr\u0151l sz\u00f3l\u00f3 k\u00f6zhelyeinket (ilyen p\u00e9ld\u00e1ul a centr\u00e1lis alkot\u00f3 szubjektum vagy \u00e9pp a referenci\u00e1lis nyelv kritik\u00e1ja). Sz\u00e1mos olyan filoz\u00f3fiai fogalom v\u00e1lik m\u00e1r igen kor\u00e1n d\u00f6nt\u0151 jelent\u0151s\u00e9g\u0171v\u00e9 a m\u0171veiben, melyek n\u00e9lk\u00fcl nem l\u00e9tezhet a sz\u00e1zad utols\u00f3 harmad\u00e1nak gondolkod\u00e1sa (p\u00e9ld\u00e1ul a jelen kritik\u00e1ja vagy a differencia probl\u00e9m\u00e1ja). Ek\u00f6zben Blanchot k\u00e9mt\u00f6rt\u00e9netekbe ill\u0151 precizit\u00e1ssal semmis\u00edti meg a saj\u00e1t \u00f6n\u00e9letrajz\u00e1t. Eg\u00e9sz \u00e9let\u00e9ben a t\u00e1rsadalomt\u00f3l visszah\u00faz\u00f3dva \u00e9lt, nyilv\u00e1nos szerepl\u00e9seket egy\u00e1ltal\u00e1n nem v\u00e1llalt, olyannyira, hogy val\u00f3j\u00e1ban azt se tudjuk, \u00e9lete nagy r\u00e9sz\u00e9ben hogyan n\u00e9zhetett ki, mivel huszon\u00e9ves kora ut\u00e1n f\u00e9nyk\u00e9p sem k\u00e9sz\u00fclhetett r\u00f3la.<\/p>\n<p>E k\u00f6tet tanulm\u00e1nyai egyfajta nyomoz\u00e1sok. B\u00e1r nem Blanchot mint szem\u00e9ly ut\u00e1n, sokkal ink\u00e1bb azoknak az utaknak \u2013 hat\u00e1soknak \u00e9s recepci\u00f3knak \u2013 a bej\u00e1r\u00e1sa, ahol \u00e9s amerre Blanchot is j\u00e1rhatott. Egy t\u00e9r-k\u00e9p megrajzol\u00e1sa.<\/p>\n","protected":false},"excerpt":{"rendered":"<p>Maurice Blanchot (1907\u20132003) \u00edr\u00f3, irodalomkritikus, filoz\u00f3fus a XX. sz\u00e1zad m\u00e1sodik fel\u00e9nek egyik legsokoldal\u00fabb, legizgalmasabb, egyben legtitokzatosabb francia gondolkod\u00f3ja. E k\u00f6tet tanulm\u00e1nyai egyfajta nyomoz\u00e1sok. B\u00e1r nem Blanchot mint szem\u00e9ly ut\u00e1n, sokkal ink\u00e1bb azoknak az utaknak \u2013 hat\u00e1soknak \u00e9s recepci\u00f3knak \u2013 a bej\u00e1r\u00e1sa, ahol \u00e9s amerre Blanchot is j\u00e1rhatott. Egy t\u00e9r-k\u00e9p megrajzol\u00e1sa.<\/p>\n","protected":false},"featured_media":2319,"comment_status":"closed","ping_status":"closed","template":"","meta":[],"product_brand":[],"product_cat":[279],"product_tag":[280,282,281],"class_list":{"0":"post-2318","1":"product","2":"type-product","3":"status-publish","4":"has-post-thumbnail","6":"authors-popovics-zoltan","7":"publisher-pongrac-kiado","8":"product_cat-filozofiai-tanulmany","9":"product_tag-blanchot","10":"product_tag-gondolkodo","11":"product_tag-irodalom","13":"first","14":"outofstock","15":"shipping-taxable","16":"purchasable","17":"product-type-simple"},"_links":{"self":[{"href":"https:\/\/pongrac.hu\/index.php?rest_route=\/wp\/v2\/product\/2318","targetHints":{"allow":["GET"]}}],"collection":[{"href":"https:\/\/pongrac.hu\/index.php?rest_route=\/wp\/v2\/product"}],"about":[{"href":"https:\/\/pongrac.hu\/index.php?rest_route=\/wp\/v2\/types\/product"}],"replies":[{"embeddable":true,"href":"https:\/\/pongrac.hu\/index.php?rest_route=%2Fwp%2Fv2%2Fcomments&post=2318"}],"wp:featuredmedia":[{"embeddable":true,"href":"https:\/\/pongrac.hu\/index.php?rest_route=\/wp\/v2\/media\/2319"}],"wp:attachment":[{"href":"https:\/\/pongrac.hu\/index.php?rest_route=%2Fwp%2Fv2%2Fmedia&parent=2318"}],"wp:term":[{"taxonomy":"product_brand","embeddable":true,"href":"https:\/\/pongrac.hu\/index.php?rest_route=%2Fwp%2Fv2%2Fproduct_brand&post=2318"},{"taxonomy":"product_cat","embeddable":true,"href":"https:\/\/pongrac.hu\/index.php?rest_route=%2Fwp%2Fv2%2Fproduct_cat&post=2318"},{"taxonomy":"product_tag","embeddable":true,"href":"https:\/\/pongrac.hu\/index.php?rest_route=%2Fwp%2Fv2%2Fproduct_tag&post=2318"}],"curies":[{"name":"wp","href":"https:\/\/api.w.org\/{rel}","templated":true}]}}