{"id":2309,"date":"2014-11-15T08:00:36","date_gmt":"2014-11-15T08:00:36","guid":{"rendered":"http:\/\/dev.pongrac.hu\/?post_type=product&#038;p=2309"},"modified":"2025-02-21T17:11:43","modified_gmt":"2025-02-21T16:11:43","slug":"emlekek-tava","status":"publish","type":"product","link":"https:\/\/pongrac.hu\/?product=emlekek-tava","title":{"rendered":"Eml\u00e9kek tava"},"content":{"rendered":"<p>Csillaghalma \u00e9gboltj\u00e1t b\u00e1natfelh\u0151k lepik el, \u00e9s egy kisfi\u00fa nyomtalanul elt\u0171nik. A falu n\u00e9pe tehetetlen, \u00e1m a t\u00edz\u00e9ves Panna \u00fagy gondolja, nem \u00fclhet t\u00e9tlen\u00fcl, amikor bar\u00e1tja bajban van. Megpr\u00f3b\u00e1lja kider\u00edteni, ki rabolhatta el Palk\u00f3t, \u00e9s nem riad vissza semmi vesz\u00e9lyt\u0151l: ha kell, felkeresi a rettegett Eml\u00e9kek tav\u00e1t, \u00e1thatol a f\u00e9lelmetes H\u00e1rmas Hat\u00e1ron \u00e9s k\u00f6r\u00fcln\u00e9z a S\u00f6t\u00e9t S\u00e1rk\u00e1ny Birodalm\u00e1ban is. \u00datja sor\u00e1n tal\u00e1lkozik t\u00fcnd\u00e9rekkel, unikornissal, boszork\u00e1nnyal \u2013 \u00e9s hatalmasra n\u0151tt, k\u00e9tfej\u0171 s\u00e1rk\u00e1nyokkal. Nagy kaland ez egy kicsi l\u00e1nynak \u2013 m\u00e9g szerencse, hogy eg\u00e9szen k\u00fcl\u00f6nleges seg\u00edt\u0151i akadnak: eml\u00e9kek, amelyek arra v\u00e1rnak, hogy valaki sz\u00edv\u00e9ben v\u00e9gre gazd\u00e1ra leljenek\u2026<\/p>\n<p>Limp\u00e1r Ildik\u00f3 mes\u00e9j\u00e9t Szlukov\u00e9nyi Katalin versei, valamint Luk\u00e1cs-Kalocsai Eszter festett illusztr\u00e1ci\u00f3i teszik m\u00e9g var\u00e1zslatosabb\u00e1.<\/p>\n","protected":false},"excerpt":{"rendered":"<p>Csillaghalma \u00e9gboltj\u00e1t b\u00e1natfelh\u0151k lepik el, \u00e9s egy kisfi\u00fa nyomtalanul elt\u0171nik. A t\u00edz\u00e9ves Panna \u00fagy gondolja, nem \u00fclhet t\u00e9tlen\u00fcl, amikor bar\u00e1tja bajban van. Megpr\u00f3b\u00e1lja kider\u00edteni, ki rabolhatta el, \u00e9s nem riad vissza semmi vesz\u00e9lyt\u0151l.<\/p>\n","protected":false},"featured_media":2310,"comment_status":"open","ping_status":"closed","template":"","meta":[],"product_brand":[],"product_cat":[270,265,267,266],"product_tag":[276,271,273,274,275],"class_list":{"0":"post-2309","1":"product","2":"type-product","3":"status-publish","4":"has-post-thumbnail","6":"authors-limpar-ildiko","7":"authors-lukacs-kalocsai-eszter","8":"publisher-pongrac-kiado","9":"product_cat-baratsag","10":"product_cat-kaland","11":"product_cat-magia","12":"product_cat-mese","13":"product_tag-boszorkany","14":"product_tag-kaland","15":"product_tag-sarkany","16":"product_tag-titok","17":"product_tag-tunder","19":"first","20":"outofstock","21":"shipping-taxable","22":"purchasable","23":"product-type-simple"},"_links":{"self":[{"href":"https:\/\/pongrac.hu\/index.php?rest_route=\/wp\/v2\/product\/2309","targetHints":{"allow":["GET"]}}],"collection":[{"href":"https:\/\/pongrac.hu\/index.php?rest_route=\/wp\/v2\/product"}],"about":[{"href":"https:\/\/pongrac.hu\/index.php?rest_route=\/wp\/v2\/types\/product"}],"replies":[{"embeddable":true,"href":"https:\/\/pongrac.hu\/index.php?rest_route=%2Fwp%2Fv2%2Fcomments&post=2309"}],"wp:featuredmedia":[{"embeddable":true,"href":"https:\/\/pongrac.hu\/index.php?rest_route=\/wp\/v2\/media\/2310"}],"wp:attachment":[{"href":"https:\/\/pongrac.hu\/index.php?rest_route=%2Fwp%2Fv2%2Fmedia&parent=2309"}],"wp:term":[{"taxonomy":"product_brand","embeddable":true,"href":"https:\/\/pongrac.hu\/index.php?rest_route=%2Fwp%2Fv2%2Fproduct_brand&post=2309"},{"taxonomy":"product_cat","embeddable":true,"href":"https:\/\/pongrac.hu\/index.php?rest_route=%2Fwp%2Fv2%2Fproduct_cat&post=2309"},{"taxonomy":"product_tag","embeddable":true,"href":"https:\/\/pongrac.hu\/index.php?rest_route=%2Fwp%2Fv2%2Fproduct_tag&post=2309"}],"curies":[{"name":"wp","href":"https:\/\/api.w.org\/{rel}","templated":true}]}}