{"id":52,"date":"2014-12-30T10:08:50","date_gmt":"2014-12-30T10:08:50","guid":{"rendered":"http:\/\/education.themerex.net\/?page_id=52"},"modified":"2020-09-10T15:31:54","modified_gmt":"2020-09-10T14:31:54","slug":"contact-us","status":"publish","type":"page","link":"https:\/\/pongrac.hu\/?page_id=52","title":{"rendered":"Kapcsolat"},"content":{"rendered":"<p><div class=\"sc_section\"><div class=\"sc_content content_wrap\" style=\"margin-top:3em !important;margin-bottom:3em !important;\"><div class=\"columns_wrap sc_columns columns_fluid sc_columns_count_3\"><div class=\"column-1_3 sc_column_item sc_column_item_1 odd first\" style=\"text-align:center;\"><span class=\"sc_icon icon-mail-2 link_color\" style=\"font-size:5em; line-height: 1em;\"><\/span><div class=\"sc_section\" style=\"margin-top:1em !important;\"><a href=\"mailto:info@pongrac.hu\">Dr\u00f3tposta Pongr\u00e1cnak<\/a><br \/>\n<a href=\"#\">www.pongrac.hu<\/a><\/div><\/div><div class=\"column-1_3 sc_column_item sc_column_item_2 even\" style=\"text-align:center;\"><span class=\"sc_icon icon-telephone-2 link_color\" style=\"font-size:5em; line-height: 1em;\"><\/span><div class=\"sc_section\" style=\"margin-top:1em !important;color:#222222;\">+36 (20) 285-8377 | +36 (20) 933-5495<\/div><\/div><div class=\"column-1_3 sc_column_item sc_column_item_3 odd\" style=\"text-align:center;\"><span class=\"sc_icon icon-map-2 link_color\" style=\"font-size:5em; line-height: 1em;\"><\/span><div class=\"sc_section\" style=\"margin-top:1em !important;color:#222222;\">PIXELDOT Kft.<br \/>\nPongr\u00e1c K\u00f6nyvkiad\u00f3<br \/>\nH\u20131095 Budapest, Mester u. 61. fszt. 3.<br \/>\nAd\u00f3sz\u00e1m: 26624138-2-43<br \/>\nCg: 01-09-335747<br \/>\nBejegyezve 2019. janu\u00e1r 18.<br \/>\nF\u0151v\u00e1rosi B\u00edr\u00f3s\u00e1g mint C\u00e9gb\u00edr\u00f3s\u00e1g<\/div><\/div><\/div><\/div><\/div><div class=\"sc_section bg_tint_dark\" style=\"background-image:url(http:\/\/dev.pongrac.hu\/wp-content\/uploads\/2015\/01\/fvD9myEgRued3zLne2GS__DSC0033-1.jpg);\"><div class=\"sc_section_overlay\" style=\"background-color:rgba(2,75,94,0.8);\" data-overlay=\"0.8\" data-bg_color=\"#024b5e\"><div class=\"sc_section_content\"><div class=\"sc_content content_wrap\" style=\"margin-top:3em !important;margin-bottom:3.5em !important;\"><div  id=\"sc_contact_form_1103638602\"class=\"sc_contact_form sc_contact_form_standard aligncenter\" style=\"width:80%;\"><h2 class=\"sc_contact_form_title\">Pongr\u00e1c v\u00e1rja az \u00fczenetedet<\/h2><p class=\"sc_contact_form_description\">C\u00edmedet bizalmasan kezelj\u00fck. Ne hagyd \u00fcresen, ahol ezt l\u00e1tod: *<\/p><form id=\"sc_contact_form_1103638602\" data-formtype=\"contact\" method=\"post\" action=\"\"><div class=\"sc_contact_form_info\"><div class=\"sc_contact_form_item sc_contact_form_field label_over\"><label class=\"required\" for=\"sc_contact_form_username\">Name<\/label><input id=\"sc_contact_form_username\" type=\"text\" name=\"username\" placeholder=\"Name *\"><\/div><div class=\"sc_contact_form_item sc_contact_form_field label_over\"><label class=\"required\" for=\"sc_contact_form_email\">E-mail<\/label><input id=\"sc_contact_form_email\" type=\"text\" name=\"email\" placeholder=\"E-mail *\"><\/div><div class=\"sc_contact_form_item sc_contact_form_field label_over\"><label class=\"required\" for=\"sc_contact_form_subj\">Subject<\/label><input id=\"sc_contact_form_subj\" type=\"text\" name=\"subject\" placeholder=\"Subject\"><\/div><\/div><div class=\"sc_contact_form_item sc_contact_form_message label_over\"><label class=\"required\" for=\"sc_contact_form_message\">Message<\/label><textarea id=\"sc_contact_form_message\" name=\"message\" placeholder=\"Message\"><\/textarea><\/div><div class=\"sc_contact_form_item sc_contact_form_button\"><button>SEND MESSAGE<\/button><\/div><div class=\"result sc_infobox\"><\/div><\/form><\/div><\/div><\/div><\/div><\/div><\/p>\n","protected":false},"excerpt":{"rendered":"","protected":false},"author":1,"featured_media":0,"parent":0,"menu_order":0,"comment_status":"open","ping_status":"open","template":"","meta":{"footnotes":""},"class_list":["post-52","page","type-page","status-publish","hentry"],"_links":{"self":[{"href":"https:\/\/pongrac.hu\/index.php?rest_route=\/wp\/v2\/pages\/52","targetHints":{"allow":["GET"]}}],"collection":[{"href":"https:\/\/pongrac.hu\/index.php?rest_route=\/wp\/v2\/pages"}],"about":[{"href":"https:\/\/pongrac.hu\/index.php?rest_route=\/wp\/v2\/types\/page"}],"author":[{"embeddable":true,"href":"https:\/\/pongrac.hu\/index.php?rest_route=\/wp\/v2\/users\/1"}],"replies":[{"embeddable":true,"href":"https:\/\/pongrac.hu\/index.php?rest_route=%2Fwp%2Fv2%2Fcomments&post=52"}],"version-history":[{"count":13,"href":"https:\/\/pongrac.hu\/index.php?rest_route=\/wp\/v2\/pages\/52\/revisions"}],"predecessor-version":[{"id":3028,"href":"https:\/\/pongrac.hu\/index.php?rest_route=\/wp\/v2\/pages\/52\/revisions\/3028"}],"wp:attachment":[{"href":"https:\/\/pongrac.hu\/index.php?rest_route=%2Fwp%2Fv2%2Fmedia&parent=52"}],"curies":[{"name":"wp","href":"https:\/\/api.w.org\/{rel}","templated":true}]}}