{"id":2571,"date":"2016-12-01T11:47:04","date_gmt":"2016-12-01T10:47:04","guid":{"rendered":"http:\/\/pongrac.hu\/?page_id=2571"},"modified":"2020-09-10T15:31:24","modified_gmt":"2020-09-10T14:31:24","slug":"igy-fizethetsz","status":"publish","type":"page","link":"https:\/\/pongrac.hu\/?page_id=2571","title":{"rendered":"\u00cdgy fizethetsz"},"content":{"rendered":"<p>1. Banki \u00e1tutal\u00e1s el\u0151re<br \/>\nBanksz\u00e1mlasz\u00e1munk: Erste Bank 11600006\u201300000000\u201393969530<br \/>\nAz \u00f6sszeg be\u00e9rkez\u00e9se ut\u00e1n a k\u00f6nyveket 3 munkanapon bel\u00fcl post\u00e1zzuk.<br \/>\nA post\u00e1z\u00e1s d\u00edja a k\u00f6nyvek \u00e1r\u00e1n fel\u00fcl fizetend\u0151 (a <a href=\"https:\/\/www.posta.hu\/static\/internet\/download\/Lapdijszabas_A4.pdf\">Magyar Posta \u00e9rv\u00e9nyes d\u00edjszab\u00e1sa<\/a> szerint).<br \/>\nCsomagautomata eset\u00e9n (1 munkanapos hat\u00e1rid\u0151vel a felad\u00e1st\u00f3l sz\u00e1m\u00edtva \u2013 a <a href=\"https:\/\/www.posta.hu\/static\/internet\/download\/Lapdijszabas_A4.pdf\">Magyar Posta \u00e9rv\u00e9nyes d\u00edjszab\u00e1sa<\/a> szerint).<\/p>\n<p>A csomagautomat\u00e1kr\u00f3l b\u0151vebben\u00a0<a class=\"moz-txt-link-freetext\" href=\"https:\/\/www.posta.hu\/csomagautomata\">itt<\/a>\u00a0olvashatsz.<br \/>\nA post\u00e1z\u00e1s d\u00edja a k\u00f6nyvek \u00e1r\u00e1n fel\u00fcl fizetend\u0151.<\/p>\n<hr \/>\n<p>2. Ut\u00e1nv\u00e9tes rendel\u00e9s<br \/>\nA megrendel\u00e9s ut\u00e1n a k\u00f6nyveket 3 munkanapon bel\u00fcl post\u00e1zzuk.<br \/>\nH\u00e1zhoz rendel\u00e9s eset\u00e9n (1 munkanapos hat\u00e1rid\u0151vel a felad\u00e1st\u00f3l sz\u00e1m\u00edtva) a postak\u00f6lts\u00e9g a <a href=\"https:\/\/www.posta.hu\/static\/internet\/download\/Lapdijszabas_A4.pdf\">Magyar Posta \u00e9rv\u00e9nyes d\u00edjszab\u00e1sa<\/a> szerint ker\u00fcl kisz\u00e1ml\u00e1z\u00e1sra.<br \/>\nCsomagautomata eset\u00e9n (1 munkanapos hat\u00e1rid\u0151vel a felad\u00e1st\u00f3l sz\u00e1m\u00edtva) a postak\u00f6lts\u00e9g a <a href=\"https:\/\/www.posta.hu\/static\/internet\/download\/Lapdijszabas_A4.pdf\">Magyar Posta \u00e9rv\u00e9nyes d\u00edjszab\u00e1sa<\/a> szerint ker\u00fcl kisz\u00e1ml\u00e1z\u00e1sra.<\/p>\n<p>A csomagautomat\u00e1kr\u00f3l b\u0151vebben <a class=\"moz-txt-link-freetext\" href=\"https:\/\/www.posta.hu\/csomagautomata\">itt<\/a> olvashatsz.<br \/>\nA post\u00e1z\u00e1s d\u00edja a k\u00f6nyvek \u00e1r\u00e1n fel\u00fcl fizetend\u0151.<\/p>\n","protected":false},"excerpt":{"rendered":"<p>1. Banki \u00e1tutal\u00e1s el\u0151re Banksz\u00e1mlasz\u00e1munk: Erste Bank 11600006\u201300000000\u201393969530 Az \u00f6sszeg be\u00e9rkez\u00e9se ut\u00e1n a k\u00f6nyveket 3 munkanapon bel\u00fcl post\u00e1zzuk. A post\u00e1z\u00e1s d\u00edja a k\u00f6nyvek \u00e1r\u00e1n fel\u00fcl fizetend\u0151 (a Magyar Posta \u00e9rv\u00e9nyes d\u00edjszab\u00e1sa szerint). Csomagautomata eset\u00e9n (1 munkanapos hat\u00e1rid\u0151vel a felad\u00e1st\u00f3l sz\u00e1m\u00edtva \u2013 a Magyar Posta \u00e9rv\u00e9nyes d\u00edjszab\u00e1sa szerint). A csomagautomat\u00e1kr\u00f3l b\u0151vebben\u00a0itt\u00a0olvashatsz. A post\u00e1z\u00e1s d\u00edja a k\u00f6nyvek [&hellip;]<\/p>\n","protected":false},"author":1,"featured_media":0,"parent":0,"menu_order":0,"comment_status":"closed","ping_status":"closed","template":"","meta":{"footnotes":""},"class_list":["post-2571","page","type-page","status-publish","hentry"],"_links":{"self":[{"href":"https:\/\/pongrac.hu\/index.php?rest_route=\/wp\/v2\/pages\/2571","targetHints":{"allow":["GET"]}}],"collection":[{"href":"https:\/\/pongrac.hu\/index.php?rest_route=\/wp\/v2\/pages"}],"about":[{"href":"https:\/\/pongrac.hu\/index.php?rest_route=\/wp\/v2\/types\/page"}],"author":[{"embeddable":true,"href":"https:\/\/pongrac.hu\/index.php?rest_route=\/wp\/v2\/users\/1"}],"replies":[{"embeddable":true,"href":"https:\/\/pongrac.hu\/index.php?rest_route=%2Fwp%2Fv2%2Fcomments&post=2571"}],"version-history":[{"count":15,"href":"https:\/\/pongrac.hu\/index.php?rest_route=\/wp\/v2\/pages\/2571\/revisions"}],"predecessor-version":[{"id":3089,"href":"https:\/\/pongrac.hu\/index.php?rest_route=\/wp\/v2\/pages\/2571\/revisions\/3089"}],"wp:attachment":[{"href":"https:\/\/pongrac.hu\/index.php?rest_route=%2Fwp%2Fv2%2Fmedia&parent=2571"}],"curies":[{"name":"wp","href":"https:\/\/api.w.org\/{rel}","templated":true}]}}